{"id":19336,"date":"2019-07-05T18:47:39","date_gmt":"2019-07-05T16:47:39","guid":{"rendered":"https:\/\/irinakuehn.de\/?page_id=19336"},"modified":"2026-02-02T20:21:52","modified_gmt":"2026-02-02T19:21:52","slug":"bio","status":"publish","type":"page","link":"https:\/\/irinakuehn.de\/en\/bio\/","title":{"rendered":"BIO"},"content":{"rendered":"<div      class=\"vc_row wpb_row section vc_row-fluid  grid_section\" style='background-image:url(https:\/\/irinakuehn.de\/wp-content\/uploads\/2019\/08\/MG_1039_2000x1300.jpg); text-align:left;'><div class=\"section_inner clearfix\"><div class='section_inner_margin clearfix'><div class=\"wpb_column vc_column_container vc_col-sm-12\"><div class=\"vc_column-inner\"><div class=\"wpb_wrapper\"><div      class=\"vc_row wpb_row section vc_row-fluid vc_inner\" style=' padding-top:150px; padding-bottom:100px; text-align:left;'><div class=\"full_section_inner clearfix\"><div class=\"wpb_column vc_column_container vc_col-sm-12\"><div class=\"vc_column-inner\"><div class=\"wpb_wrapper\">\n\t<div class=\"wpb_text_column wpb_content_element\">\n\t\t<div class=\"wpb_wrapper\">\n\t\t\t<h1 style=\"text-align: center;\"><span style=\"color: #ffffff;\">BIOGRAFIE<\/span><\/h1>\n\n\t\t<\/div> \n\t<\/div> <div class=\"separator  small center\" style=\"\"><\/div>\n<\/div><\/div><\/div><\/div><\/div><div      class=\"vc_row wpb_row section vc_row-fluid vc_inner\" style=' padding-bottom:60px; text-align:left;'><div class=\"full_section_inner clearfix\"><div class=\"wpb_column vc_column_container vc_col-sm-8\"><div class=\"vc_column-inner\"><div class=\"wpb_wrapper\">\n\t<div class=\"wpb_text_column wpb_content_element\">\n\t\t<div class=\"wpb_wrapper\">\n\t\t\t<p><span style=\"color: #333333;\">Irina K\u00fchn ist ein Geheimtipp der deutschen Musikszene. Mit ihrer einzigartigen Stimme und ihren beeindruckenden gesangstechnischen F\u00e4higkeiten zieht sie ihr Publikum hemmungslos mit: Stark. Facettenreich. Intensiv. Aber sie sticht nicht nur durch ihren besonderen Stimmklang und ihre professionelle wie sympathische Performance hervor, sondern besonders durch ihre au\u00dfergew\u00f6hnliche Emotionalit\u00e4t: Immer ist sie mit Leib und Seele dabei, erz\u00e4hlt die Geschichte jedes Songs und erzeugt G\u00e4nsehaut bei ihren H\u00f6rern.<\/span><\/p>\n\n\t\t<\/div> \n\t<\/div> <div class=\"separator  transparent\" style=\"\"><\/div>\n\n\t<div class=\"wpb_text_column wpb_content_element\">\n\t\t<div class=\"wpb_wrapper\">\n\t\t\t<p><span style=\"color: #3a3a3a;\">Seit Jahren begeistert Irina als professionelle S\u00e4ngerin in unterschiedlichen Bands und Projekten und trat schon bei zahlreichen Veranstaltungen auf, unter anderem beim Volkswagen Lichterfest Killesberg, Flammende Sterne Ostfildern, Schlossgrabenfest Darmstadt und bei der Eisgala Ingolstadt, wo sie mit \u201eManfred Mann\u2019s Earth Band\u201c-S\u00e4nger Chris Thompson und kompletter BigBand auf der B\u00fchne stand. Im SWR-Fernsehen war die geborene Stuttgarterin ebenfalls bereits mehrmals zu sehen. Neben ihren Engagements als Lead- und Solos\u00e4ngerin steuert Irina ihre Stimme auch als Backgrounds\u00e4ngerin f\u00fcr Live-Gigs und Studioproduktionen sowie als Sprecherin f\u00fcr Produkt- und Imagevideos bei. 2019 gab Irina zudem in HAIRSPRAY als b\u00f6se TV-Produzentin Velma von Tussel ihr Musical-Debut. 2022 war sie als &#8222;Morgana&#8220; im Musical ARTUS: EXCALIBUR auf der Open Air B\u00fchne des Theater unter den Kuppeln in Leinfelden-Echterdingen zu sehen und \u00fcberzeugte auf ganzer Linie &#8211; nicht nur mit gesangstechnischer Versiertheit, sondern vor allem auch mit ihrem schauspielerischem Talent. Derzeit spielt sie die Caf\u00e9besitzerin Suzanne in <a href=\"https:\/\/kulturwelt-lb.de\/amelie.html\" target=\"_blank\" rel=\"noopener\">&#8222;Am\u00e9lie &#8211; Das Musical&#8220;<\/a>, pr\u00e4sentiert von KulturWelt e.V. Ludwigsburg.<br \/>\n<\/span><\/p>\n\n\t\t<\/div> \n\t<\/div> <div class=\"separator  transparent\" style=\"\"><\/div>\n\n\t<div class=\"wpb_text_column wpb_content_element\">\n\t\t<div class=\"wpb_wrapper\">\n\t\t\t<p><span style=\"color: #3a3a3a;\">Das Interesse f\u00fcr verschiedene Musikrichtungen liegt Irina seit ihrer Kindheit und Jugend im Blut &#8211; stilsicher wechselt sie zwischen unterschiedlichsten Genres. Ihre Gesangsausbildung mit Schwerpunkt Pop, Rock und Musical verdankt sie den Stuttgarter S\u00e4ngerinnen Britta Medeiros (u.a. SWR1 Pop &amp; Poesie, Vocal Coach bei TARZAN) und Ilona Nowak (GoVocal), erg\u00e4nzt durch Vocal Coachings u.a. bei David Whitley und Janneke Ivankova. Sie ist jedoch nicht nur S\u00e4ngerin, sondern auch Instrumentalistin. Die Grundlage ihrer musikalischen Kenntnisse und F\u00e4higkeiten bildet eine zehnj\u00e4hrige klassische Klavierausbildung, im Anschluss daran sechs Jahre Klavierunterricht mit Fokus auf Jazz- und Popmusik. Dar\u00fcber hinaus spielt sie E-Gitarre mit Schwerpunkt Rock, Pop und Metal und verf\u00fcgt \u00fcber Grundkenntnisse an E-Bass und Schlagzeug.<\/span><\/p>\n\n\t\t<\/div> \n\t<\/div> <div class=\"separator  transparent\" style=\"\"><\/div>\n\n\t<div class=\"wpb_text_column wpb_content_element\">\n\t\t<div class=\"wpb_wrapper\">\n\t\t\t<p><span style=\"color: #3a3a3a;\">Mit 13 Jahren schrieb Irina ihren ersten Song und ist seitdem auch kreative K\u00fcnstlerin: Songwriting, Komposition, die Produktion eigener Songs sowie die Erschaffung von Chor- und Band-Arrangements geh\u00f6ren ebenso zu ihrem musikalischen Portfolio. 2004\/2005 produzierte sie ihre erste Demo-EP in Eigenregie; ab 2006 spielte sie mit ihrer Band DAWN in Stuttgart und Umgebung. Als<\/span> <a href=\"http:\/\/www.plainfolly.com\" target=\"_blank\" rel=\"noopener noreferrer\">Plain Folly<\/a> <span style=\"color: #3a3a3a;\">vereint sie seit 2012 all ihre F\u00e4higkeiten in einem einzigen Projekt: Hier ist sie S\u00e4ngerin, Instrumentalistin, Songwriterin und Managerin. F\u00fcr die erste EP <a href=\"https:\/\/plainfolly.com\/listentofortuities\/\" target=\"_blank\" rel=\"noopener\">&#8222;Fortuities&#8220;<\/a> holte sie sich Unterst\u00fctzung bei Produzent Tom Schenk<\/span> <span style=\"color: #3a3a3a;\">(<\/span><a href=\"http:\/\/www.tankraum.com\">Tankraum Studio<\/a><span style=\"color: #3a3a3a;\">) sowie Star-Drummer Moritz M\u00fcller (Heavytones, Joris, The Intersphere) und spielte alle anderen Instrumente selbst ein. In Zusammenarbeit mit demselben Team ver\u00f6ffentlichte sie 2024 das Album <a href=\"https:\/\/plainfolly.com\/listentotoaht\/\" target=\"_blank\" rel=\"noopener\">&#8222;Tales Of A Hundred Thoughts&#8220;<\/a>.<br \/>\n<\/span><\/p>\n\n\t\t<\/div> \n\t<\/div> <div class=\"separator  transparent\" style=\"\"><\/div>\n\n\t<div class=\"wpb_text_column wpb_content_element\">\n\t\t<div class=\"wpb_wrapper\">\n\t\t\t<p><span style=\"color: #3a3a3a;\">Ob energiegeladener Rocksong oder gef\u00fchlvolle Ballade, \u00fcberall sp\u00fcrt man Irinas Hingabe an die Musik. Ihren eigenwilligen Stil. Ihre Liebe zum Detail. Ihre Leidenschaft, die sich in jedem Song widerspiegelt. Letztendlich steckt in all dem vor allem eins: Herzblut.<\/span><\/p>\n\n\t\t<\/div> \n\t<\/div> <\/div><\/div><\/div><div class=\"wpb_column vc_column_container vc_col-sm-4\"><div class=\"vc_column-inner\"><div class=\"wpb_wrapper\"><\/div><\/div><\/div><\/div><\/div><div class=\"separator  transparent\" style=\"\"><\/div>\n<div class=\"separator  transparent\" style=\"\"><\/div>\n<\/div><\/div><\/div><\/div><\/div><\/div><div      class=\"vc_row wpb_row section vc_row-fluid  grid_section\" style='background-color:#000000; padding-top:60px; padding-bottom:60px; text-align:center;'><div class=\"section_inner clearfix\"><div class='section_inner_margin clearfix'><div class=\"wpb_column vc_column_container vc_col-sm-12\"><div class=\"vc_column-inner\"><div class=\"wpb_wrapper\">\n\t<div class=\"wpb_text_column wpb_content_element\">\n\t\t<div class=\"wpb_wrapper\">\n\t\t\t<h2 style=\"text-align: center;\"><span style=\"color: #ffffff;\">REFERENZEN<\/span><\/h2>\n<h4 style=\"text-align: center;\"><span style=\"color: #000000;\"><span style=\"color: #ffffff;\">(Auszug)<\/span><br \/>\n<\/span><\/h4>\n\n\t\t<\/div> \n\t<\/div> <div class=\"separator  small center\" style=\"margin-bottom: 50px;\"><\/div>\n\n\t<div class=\"wpb_text_column wpb_content_element\">\n\t\t<div class=\"wpb_wrapper\">\n\t\t\t<p><span style=\"color: #a09d9d;\">Eisgala Ingolstadt I Lichterfest Killesberg I Flammende Sterne Ostfildern I Schlossgrabenfest Darmstadt I Flensfestival Flensburg I Soulnacht Burg Hohenneuffen I Stuttgarter AIDS Hilfe Open Air I Stuttgarter Sommerfest I Hot Summer Nights Denkendorf<\/span><\/p>\n<p><span style=\"color: #a09d9d;\">SWR-Fernsehen<\/span><\/p>\n<p><span style=\"color: #a09d9d;\">Daimler AG I Daimler VANS I Bosch I Allianz I Novatec I Strassacker GmbH I Team Connex AG I Els\u00e4sser<\/span><\/p>\n<p><span style=\"color: #a09d9d;\">Deutsche Grill- und BBQ-Meisterschaft I Bauwirtschaft Baden-W\u00fcrttemberg e.V. I Stuttgarter AIDS Hilfe Open Air I AGV Schw\u00e4bisch Gm\u00fcnd<\/span><\/p>\n<p><span style=\"color: #a09d9d;\">Silvesterball Hotel Nestor I Lichtmessball Winterbach I MTV Fasching Stuttgart I Musberger Fasnet<\/span><\/p>\n<p><span style=\"color: #a09d9d;\">Polarnacht B\u00f6blingen I Brautage Ludwigsburg I Night of Music \u00d6hringen I Nightgroove Bietigheim I Stadtfest Bad Friedrichshall I Buchfest Bietigheim Backnanger Stra\u00dfenfest I Musiknacht der Autoh\u00e4user<\/span><\/p>\n<p><span style=\"color: #a09d9d;\">Theaterhaus Stuttgart I Wizemann I Prisma Freiberg I Stadthalle Schw\u00e4bisch Gm\u00fcnd I Stadthalle Ingolstadt I Universum Stuttgart I Messe Stuttgart I Stadthalle Leinfelden<br \/>\n<\/span><\/p>\n\n\t\t<\/div> \n\t<\/div> <\/div><\/div><\/div><\/div><\/div><\/div>","protected":false},"excerpt":{"rendered":"BIOGRAFIE Irina K\u00fchn ist ein Geheimtipp der deutschen Musikszene. Mit ihrer einzigartigen Stimme und ihren beeindruckenden gesangstechnischen F\u00e4higkeiten zieht sie ihr Publikum hemmungslos mit: Stark. Facettenreich. Intensiv. Aber sie sticht nicht nur durch ihren besonderen Stimmklang und ihre professionelle wie sympathische Performance hervor, sondern besonders...","protected":false},"author":3,"featured_media":0,"parent":0,"menu_order":4,"comment_status":"open","ping_status":"open","template":"full_width.php","meta":{"_mi_skip_tracking":false},"_links":{"self":[{"href":"https:\/\/irinakuehn.de\/en\/wp-json\/wp\/v2\/pages\/19336"}],"collection":[{"href":"https:\/\/irinakuehn.de\/en\/wp-json\/wp\/v2\/pages"}],"about":[{"href":"https:\/\/irinakuehn.de\/en\/wp-json\/wp\/v2\/types\/page"}],"author":[{"embeddable":true,"href":"https:\/\/irinakuehn.de\/en\/wp-json\/wp\/v2\/users\/3"}],"replies":[{"embeddable":true,"href":"https:\/\/irinakuehn.de\/en\/wp-json\/wp\/v2\/comments?post=19336"}],"version-history":[{"count":55,"href":"https:\/\/irinakuehn.de\/en\/wp-json\/wp\/v2\/pages\/19336\/revisions"}],"predecessor-version":[{"id":20337,"href":"https:\/\/irinakuehn.de\/en\/wp-json\/wp\/v2\/pages\/19336\/revisions\/20337"}],"wp:attachment":[{"href":"https:\/\/irinakuehn.de\/en\/wp-json\/wp\/v2\/media?parent=19336"}],"curies":[{"name":"wp","href":"https:\/\/api.w.org\/{rel}","templated":true}]}}