{"id":19402,"date":"2019-07-08T16:08:11","date_gmt":"2019-07-08T14:08:11","guid":{"rendered":"https:\/\/irinakuehn.de\/?page_id=19402"},"modified":"2019-09-24T16:45:22","modified_gmt":"2019-09-24T14:45:22","slug":"news","status":"publish","type":"page","link":"https:\/\/irinakuehn.de\/en\/news\/","title":{"rendered":"NEWS"},"content":{"rendered":"<div      class=\"vc_row wpb_row section vc_row-fluid  grid_section\" style='background-image:url(https:\/\/irinakuehn.de\/wp-content\/uploads\/2019\/08\/FullSizeRender1-darken.jpg); text-align:left;'><div class=\"section_inner clearfix\"><div class='section_inner_margin clearfix'><div class=\"wpb_column vc_column_container vc_col-sm-12\"><div class=\"vc_column-inner\"><div class=\"wpb_wrapper\"><div      class=\"vc_row wpb_row section vc_row-fluid vc_inner\" style=' padding-top:150px; padding-bottom:50px; text-align:left;'><div class=\"full_section_inner clearfix\"><div class=\"wpb_column vc_column_container vc_col-sm-12\"><div class=\"vc_column-inner\"><div class=\"wpb_wrapper\">\n\t<div class=\"wpb_text_column wpb_content_element\">\n\t\t<div class=\"wpb_wrapper\">\n\t\t\t<h1 style=\"text-align: center;\"><span style=\"color: #ffffff;\">NEWS<\/span><\/h1>\n\n\t\t<\/div> \n\t<\/div> <div class=\"separator  small center\" style=\"\"><\/div>\n<\/div><\/div><\/div><\/div><\/div><div class=\"separator  transparent\" style=\"margin-top: 20px;\"><\/div>\n<div      class=\"vc_row wpb_row section vc_row-fluid vc_inner  use_row_as_box\" style=' padding-top:10px; text-align:left;'><div class=\"full_section_inner clearfix\"><div class=\"wpb_column vc_column_container vc_col-sm-12\"><div class=\"vc_column-inner\"><div class=\"wpb_wrapper\"><div class='q_masonry_blog'><div class=\"q_masonry_blog_grid_sizer\"><\/div><div class=\"q_masonry_blog_grid_gutter\"><\/div><article  class='post-20411 post type-post status-publish format-standard has-post-thumbnail hentry category-gigs'><div class=\"q_masonry_blog_post_image\"><a itemprop=\"url\" href=\"https:\/\/irinakuehn.de\/en\/26020322_amelie_musical_derniere\/\" target=\"_self\"><img itemprop=\"image\" src=\"https:\/\/irinakuehn.de\/wp-content\/uploads\/2025\/10\/DSC_0997_733.jpg\" \/><\/a><\/div><div class=\"q_masonry_blog_post_text\"><h3 itemprop=\"name\" class=\"q_masonry_blog_title entry_title\"><a itemprop=\"url\" href=\"https:\/\/irinakuehn.de\/en\/26020322_amelie_musical_derniere\/\">GOODBYE &#8222;Am\u00e9lie &#8211; Das Musical&#8220;<\/a><\/h3><p itemprop=\"description\" class=\"q_masonry_blog_excerpt\">GOODBYE Am\u00e9lie! Exakt eine Woche ist die Derni\u00e8re von \u201eAmelie &#8211; das Musical\u201c nun schon her. Gut anderthalb Jahre hat mich das St\u00fcck begleitet, insgesamt 17mal schl\u00fcpfte ich in die Rolle ...<\/p><div class=\"q_masonry_blog_post_info\"><span itemprop=\"dateCreated\" class=\"time entry_date updated\">22 March, 2026<meta itemprop=\"interactionCount\" content=\"UserComments: <?php echo get_comments_number(qode_get_page_id()); ?>\"\/><\/span><\/div><\/div><\/article><article  class='post-20321 post type-post status-publish format-standard has-post-thumbnail hentry category-gigs'><div class=\"q_masonry_blog_post_image\"><a itemprop=\"url\" href=\"https:\/\/irinakuehn.de\/en\/260202_zweite_wiederaufnahme-amelie-das-musical\/\" target=\"_self\"><img itemprop=\"image\" src=\"https:\/\/irinakuehn.de\/wp-content\/uploads\/2025\/01\/Bildschirmfoto-2025-01-06-um-19.10.13.png\" \/><\/a><\/div><div class=\"q_masonry_blog_post_text\"><h3 itemprop=\"name\" class=\"q_masonry_blog_title entry_title\"><a itemprop=\"url\" href=\"https:\/\/irinakuehn.de\/en\/260202_zweite_wiederaufnahme-amelie-das-musical\/\">Zweite Wiederaufnahme &#8222;Am\u00e9lie &#8211; Das Musical&#8220;<\/a><\/h3><p itemprop=\"description\" class=\"q_masonry_blog_excerpt\">Weil es auch beim zweiten Mal so sch\u00f6n war, machen wir&#8217;s noch ein allerletztes Mal: Nach dem fabelhaften Premieren-Auftakt im M\u00e4rz 2025 mit sechs ausverkauften Shows und der erfolgreichen Wied...<\/p><div class=\"q_masonry_blog_post_info\"><span itemprop=\"dateCreated\" class=\"time entry_date updated\">02 February, 2026<meta itemprop=\"interactionCount\" content=\"UserComments: <?php echo get_comments_number(qode_get_page_id()); ?>\"\/><\/span><\/div><\/div><\/article><article  class='post-20304 post type-post status-publish format-gallery has-post-thumbnail hentry category-gigs post_format-post-format-gallery'><div class=\"q_masonry_blog_post_image\"><div class=\"flexslider\"><ul class=\"slides\"><li><a itemprop=\"url\" target=\"_self\" href=\"https:\/\/irinakuehn.de\/en\/251215_jahresabschlusskonzert-des-musikvereins-huettlingen\/\"><img width=\"970\" height=\"720\" src=\"https:\/\/irinakuehn.de\/wp-content\/uploads\/2025\/12\/15C429E2-684B-4147-A5BC-289EA3FC39F8.jpg\" class=\"attachment-full size-full\" alt=\"Irina K\u00fchn singt &quot;Never Enough&quot; mit Orchester\" loading=\"lazy\" srcset=\"https:\/\/irinakuehn.de\/wp-content\/uploads\/2025\/12\/15C429E2-684B-4147-A5BC-289EA3FC39F8.jpg 970w, https:\/\/irinakuehn.de\/wp-content\/uploads\/2025\/12\/15C429E2-684B-4147-A5BC-289EA3FC39F8-500x371.jpg 500w, https:\/\/irinakuehn.de\/wp-content\/uploads\/2025\/12\/15C429E2-684B-4147-A5BC-289EA3FC39F8-768x570.jpg 768w, https:\/\/irinakuehn.de\/wp-content\/uploads\/2025\/12\/15C429E2-684B-4147-A5BC-289EA3FC39F8-700x520.jpg 700w\" sizes=\"(max-width: 970px) 100vw, 970px\" \/><\/a><\/li><li><a itemprop=\"url\" target=\"_self\" href=\"https:\/\/irinakuehn.de\/en\/251215_jahresabschlusskonzert-des-musikvereins-huettlingen\/\"><img width=\"640\" height=\"426\" src=\"https:\/\/irinakuehn.de\/wp-content\/uploads\/2025\/12\/F0B3A15E-8D0D-41EE-9600-8220C363E57C.jpg\" class=\"attachment-full size-full\" alt=\"\" loading=\"lazy\" srcset=\"https:\/\/irinakuehn.de\/wp-content\/uploads\/2025\/12\/F0B3A15E-8D0D-41EE-9600-8220C363E57C.jpg 640w, https:\/\/irinakuehn.de\/wp-content\/uploads\/2025\/12\/F0B3A15E-8D0D-41EE-9600-8220C363E57C-500x333.jpg 500w\" sizes=\"(max-width: 640px) 100vw, 640px\" \/><\/a><\/li><li><a itemprop=\"url\" target=\"_self\" href=\"https:\/\/irinakuehn.de\/en\/251215_jahresabschlusskonzert-des-musikvereins-huettlingen\/\"><img width=\"800\" height=\"533\" src=\"https:\/\/irinakuehn.de\/wp-content\/uploads\/2025\/12\/BCBA361C-9815-4E35-9E9F-F8DB7CAE4D6D.jpg\" class=\"attachment-full size-full\" alt=\"Irina K\u00fchn singt &quot;A Million Dreams&quot; mit Orchester\" loading=\"lazy\" srcset=\"https:\/\/irinakuehn.de\/wp-content\/uploads\/2025\/12\/BCBA361C-9815-4E35-9E9F-F8DB7CAE4D6D.jpg 800w, https:\/\/irinakuehn.de\/wp-content\/uploads\/2025\/12\/BCBA361C-9815-4E35-9E9F-F8DB7CAE4D6D-500x333.jpg 500w, https:\/\/irinakuehn.de\/wp-content\/uploads\/2025\/12\/BCBA361C-9815-4E35-9E9F-F8DB7CAE4D6D-768x512.jpg 768w, https:\/\/irinakuehn.de\/wp-content\/uploads\/2025\/12\/BCBA361C-9815-4E35-9E9F-F8DB7CAE4D6D-700x466.jpg 700w\" sizes=\"(max-width: 800px) 100vw, 800px\" \/><\/a><\/li><li><a itemprop=\"url\" target=\"_self\" href=\"https:\/\/irinakuehn.de\/en\/251215_jahresabschlusskonzert-des-musikvereins-huettlingen\/\"><img width=\"1018\" height=\"679\" src=\"https:\/\/irinakuehn.de\/wp-content\/uploads\/2025\/12\/E338075B-6A2F-4014-8875-74829AE36B65.jpg\" class=\"attachment-full size-full\" alt=\"Irina K\u00fchn singt Musical Songs mit Orchester\" loading=\"lazy\" srcset=\"https:\/\/irinakuehn.de\/wp-content\/uploads\/2025\/12\/E338075B-6A2F-4014-8875-74829AE36B65.jpg 1018w, https:\/\/irinakuehn.de\/wp-content\/uploads\/2025\/12\/E338075B-6A2F-4014-8875-74829AE36B65-500x333.jpg 500w, https:\/\/irinakuehn.de\/wp-content\/uploads\/2025\/12\/E338075B-6A2F-4014-8875-74829AE36B65-768x512.jpg 768w, https:\/\/irinakuehn.de\/wp-content\/uploads\/2025\/12\/E338075B-6A2F-4014-8875-74829AE36B65-700x467.jpg 700w\" sizes=\"(max-width: 1018px) 100vw, 1018px\" \/><\/a><\/li><\/ul><\/div><\/div><div class=\"q_masonry_blog_post_text\"><h3 itemprop=\"name\" class=\"q_masonry_blog_title entry_title\"><a itemprop=\"url\" href=\"https:\/\/irinakuehn.de\/en\/251215_jahresabschlusskonzert-des-musikvereins-huettlingen\/\">Musical-Songs mit Orchesterbegleitung<\/a><\/h3><p itemprop=\"description\" class=\"q_masonry_blog_excerpt\">Einer meiner sch\u00f6nsten Auftritte in diesem Jahr: Das Konzert zum 100j\u00e4hrigen Jubil\u00e4um des Musikvereins H\u00fcttlingen. Unter der Leitung von Erwin Schwichtenberg gestaltete das 80-k\u00f6pfige Blasorchest...<\/p><div class=\"q_masonry_blog_post_info\"><span itemprop=\"dateCreated\" class=\"time entry_date updated\">15 December, 2025<meta itemprop=\"interactionCount\" content=\"UserComments: <?php echo get_comments_number(qode_get_page_id()); ?>\"\/><\/span><\/div><\/div><\/article><article  class='post-20299 post type-post status-publish format-standard has-post-thumbnail hentry category-gigs'><div class=\"q_masonry_blog_post_image\"><a itemprop=\"url\" href=\"https:\/\/irinakuehn.de\/en\/derniere-von-amelie-das-musical\/\" target=\"_self\"><img itemprop=\"image\" src=\"https:\/\/irinakuehn.de\/wp-content\/uploads\/2025\/11\/3b8f7b3a-65b7-44e0-9dff-d1363797be2b-2.jpg\" \/><\/a><\/div><div class=\"q_masonry_blog_post_text\"><h3 itemprop=\"name\" class=\"q_masonry_blog_title entry_title\"><a itemprop=\"url\" href=\"https:\/\/irinakuehn.de\/en\/derniere-von-amelie-das-musical\/\">Derni\u00e8re von &#8222;Am\u00e9lie &#8211; Das Musical&#8220;<\/a><\/h3><p itemprop=\"description\" class=\"q_masonry_blog_excerpt\">Goodbye Am\u00e9lie! \u2028Nach wunderbaren weiteren sieben Shows von \u201eAm\u00e9lie &#8211; Das Musical\u201c m\u00f6chte ich von ganzem Herzen DANKE sagen &#8211; an das tolle Ensemble, die fantastische Band, das sup...<\/p><div class=\"q_masonry_blog_post_info\"><span itemprop=\"dateCreated\" class=\"time entry_date updated\">30 November, 2025<meta itemprop=\"interactionCount\" content=\"UserComments: <?php echo get_comments_number(qode_get_page_id()); ?>\"\/><\/span><\/div><\/div><\/article><article  class='post-20293 post type-post status-publish format-standard has-post-thumbnail hentry category-allgemein'><div class=\"q_masonry_blog_post_image\"><a itemprop=\"url\" href=\"https:\/\/irinakuehn.de\/en\/jahresabschlusskonzert-des-musikvereins-huettlingen\/\" target=\"_self\"><img itemprop=\"image\" src=\"https:\/\/irinakuehn.de\/wp-content\/uploads\/2025\/11\/IMG_0946_korrektur2_lush50_FINAL-scaled.jpg\" \/><\/a><\/div><div class=\"q_masonry_blog_post_text\"><h3 itemprop=\"name\" class=\"q_masonry_blog_title entry_title\"><a itemprop=\"url\" href=\"https:\/\/irinakuehn.de\/en\/jahresabschlusskonzert-des-musikvereins-huettlingen\/\">JAHRESABSCHLUSSKONZERT DES MUSIKVEREINS H\u00dcTTLINGEN<\/a><\/h3><p itemprop=\"description\" class=\"q_masonry_blog_excerpt\">Auf diesen Gig freue ich mich ganz besonders: Am 06. Dezember 2025 trete ich zusammen mit Musicaldarsteller Samuel T\u00fcrksoy als Gasts\u00e4ngerin beim Jahresabschlusskonzert des Blasorchesters H\u00fcttlingen...<\/p><div class=\"q_masonry_blog_post_info\"><span itemprop=\"dateCreated\" class=\"time entry_date updated\">06 November, 2025<meta itemprop=\"interactionCount\" content=\"UserComments: <?php echo get_comments_number(qode_get_page_id()); ?>\"\/><\/span><\/div><\/div><\/article><article  class='post-20290 post type-post status-publish format-standard has-post-thumbnail hentry category-gigs'><div class=\"q_masonry_blog_post_image\"><a itemprop=\"url\" href=\"https:\/\/irinakuehn.de\/en\/251017_wiederaufnahme-amelie-das-musical\/\" target=\"_self\"><img itemprop=\"image\" src=\"https:\/\/irinakuehn.de\/wp-content\/uploads\/2025\/10\/DSC_1881_klein.jpg\" \/><\/a><\/div><div class=\"q_masonry_blog_post_text\"><h3 itemprop=\"name\" class=\"q_masonry_blog_title entry_title\"><a itemprop=\"url\" href=\"https:\/\/irinakuehn.de\/en\/251017_wiederaufnahme-amelie-das-musical\/\">&#8222;Am\u00e9lie &#8211; Das Musical&#8220; &#8211; ab 14. November 2025<\/a><\/h3><p itemprop=\"description\" class=\"q_masonry_blog_excerpt\">Nur noch 4 Wochen: Nach dem fabelhaften Premieren-Auftakt im M\u00e4rz 2025 mit sechs ausverkauften Shows kehrt Am\u00e9lie zur\u00fcck auf die B\u00fchne &#8211; und damit auch ich als Caf\u00e9besitzerin Suzanne! Das S...<\/p><div class=\"q_masonry_blog_post_info\"><span itemprop=\"dateCreated\" class=\"time entry_date updated\">17 October, 2025<meta itemprop=\"interactionCount\" content=\"UserComments: <?php echo get_comments_number(qode_get_page_id()); ?>\"\/><\/span><\/div><\/div><\/article><article  class='post-20286 post type-post status-publish format-standard has-post-thumbnail hentry category-allgemein'><div class=\"q_masonry_blog_post_image\"><a itemprop=\"url\" href=\"https:\/\/irinakuehn.de\/en\/20251013-live-gigs-im-herbst\/\" target=\"_self\"><img itemprop=\"image\" src=\"https:\/\/irinakuehn.de\/wp-content\/uploads\/2025\/10\/IMG_1446_ik_handy-scaled-e1760385086149.jpg\" \/><\/a><\/div><div class=\"q_masonry_blog_post_text\"><h3 itemprop=\"name\" class=\"q_masonry_blog_title entry_title\"><a itemprop=\"url\" href=\"https:\/\/irinakuehn.de\/en\/20251013-live-gigs-im-herbst\/\">Live Gigs im Herbst<\/a><\/h3><p itemprop=\"description\" class=\"q_masonry_blog_excerpt\">Der Herbst ist da &#8211; und auch die Termine f\u00fcr meine n\u00e4chsten \u00f6ffentlichen Gigs: 18.10.2025 | mit Friendly Elf &#8211; Krautfest, Leinfelden-Echterdingen 08.11.2025 | mit Friendly Elf &#8211; L...<\/p><div class=\"q_masonry_blog_post_info\"><span itemprop=\"dateCreated\" class=\"time entry_date updated\">28 September, 2025<meta itemprop=\"interactionCount\" content=\"UserComments: <?php echo get_comments_number(qode_get_page_id()); ?>\"\/><\/span><\/div><\/div><\/article><article  class='post-20281 post type-post status-publish format-standard has-post-thumbnail hentry category-gigs'><div class=\"q_masonry_blog_post_image\"><a itemprop=\"url\" href=\"https:\/\/irinakuehn.de\/en\/250815_wiederaufnahme-amelie-das-musical\/\" target=\"_self\"><img itemprop=\"image\" src=\"https:\/\/irinakuehn.de\/wp-content\/uploads\/2025\/01\/Bildschirmfoto-2025-01-06-um-19.10.13.png\" \/><\/a><\/div><div class=\"q_masonry_blog_post_text\"><h3 itemprop=\"name\" class=\"q_masonry_blog_title entry_title\"><a itemprop=\"url\" href=\"https:\/\/irinakuehn.de\/en\/250815_wiederaufnahme-amelie-das-musical\/\">Wiederaufnahme &#8222;Am\u00e9lie &#8211; Das Musical&#8220;<\/a><\/h3><p itemprop=\"description\" class=\"q_masonry_blog_excerpt\">Weil es so sch\u00f6n war, machen wir&#8217;s nochmal: Nach dem fabelhaften Premieren-Auftakt im M\u00e4rz 2025 mit sechs ausverkauften Shows kehrt Am\u00e9lie zur\u00fcck auf die B\u00fchne &#8211; und damit auch ich al...<\/p><div class=\"q_masonry_blog_post_info\"><span itemprop=\"dateCreated\" class=\"time entry_date updated\">15 August, 2025<meta itemprop=\"interactionCount\" content=\"UserComments: <?php echo get_comments_number(qode_get_page_id()); ?>\"\/><\/span><\/div><\/div><\/article><article  class='post-20268 post type-post status-publish format-standard has-post-thumbnail hentry category-allgemein'><div class=\"q_masonry_blog_post_image\"><a itemprop=\"url\" href=\"https:\/\/irinakuehn.de\/en\/20250401-live-gigs-im-fruehjahr\/\" target=\"_self\"><img itemprop=\"image\" src=\"https:\/\/irinakuehn.de\/wp-content\/uploads\/2025\/03\/DSC08757_2.png\" \/><\/a><\/div><div class=\"q_masonry_blog_post_text\"><h3 itemprop=\"name\" class=\"q_masonry_blog_title entry_title\"><a itemprop=\"url\" href=\"https:\/\/irinakuehn.de\/en\/20250401-live-gigs-im-fruehjahr\/\">Live Gigs im Fr\u00fchjahr<\/a><\/h3><p itemprop=\"description\" class=\"q_masonry_blog_excerpt\">Der Fr\u00fchling ist da &#8211; und auch die Termine f\u00fcr meine n\u00e4chsten \u00f6ffentlichen Gigs: 05.04.2025 | mit Friendly Elf &#8211; Livenacht Ludwigsburg, Ratskeller (Saal) 30.04.2025 | mit Friendly Elf ...<\/p><div class=\"q_masonry_blog_post_info\"><span itemprop=\"dateCreated\" class=\"time entry_date updated\">01 April, 2025<meta itemprop=\"interactionCount\" content=\"UserComments: <?php echo get_comments_number(qode_get_page_id()); ?>\"\/><\/span><\/div><\/div><\/article><\/div><\/div><\/div><\/div><\/div><\/div><\/div><\/div><\/div><\/div><\/div><\/div>","protected":false},"excerpt":{"rendered":"Der Fr\u00fchling ist da - und auch die Termine f\u00fcr meine n\u00e4chsten \u00f6ffentlichen Gigs: 05.04.2025 | mit Friendly Elf - Livenacht Ludwigsburg, Ratskeller (Saal) 30.04.2025 | mit Friendly Elf - Rock in den Mai, Benningen 03.05.2025 | mit Friendly Elf - Feuerwehrfest, Beilstein Details zu...","protected":false},"author":3,"featured_media":0,"parent":0,"menu_order":2,"comment_status":"open","ping_status":"open","template":"full_width.php","meta":{"_mi_skip_tracking":false},"_links":{"self":[{"href":"https:\/\/irinakuehn.de\/en\/wp-json\/wp\/v2\/pages\/19402"}],"collection":[{"href":"https:\/\/irinakuehn.de\/en\/wp-json\/wp\/v2\/pages"}],"about":[{"href":"https:\/\/irinakuehn.de\/en\/wp-json\/wp\/v2\/types\/page"}],"author":[{"embeddable":true,"href":"https:\/\/irinakuehn.de\/en\/wp-json\/wp\/v2\/users\/3"}],"replies":[{"embeddable":true,"href":"https:\/\/irinakuehn.de\/en\/wp-json\/wp\/v2\/comments?post=19402"}],"version-history":[{"count":16,"href":"https:\/\/irinakuehn.de\/en\/wp-json\/wp\/v2\/pages\/19402\/revisions"}],"predecessor-version":[{"id":19778,"href":"https:\/\/irinakuehn.de\/en\/wp-json\/wp\/v2\/pages\/19402\/revisions\/19778"}],"wp:attachment":[{"href":"https:\/\/irinakuehn.de\/en\/wp-json\/wp\/v2\/media?parent=19402"}],"curies":[{"name":"wp","href":"https:\/\/api.w.org\/{rel}","templated":true}]}}