{"id":19439,"date":"2019-07-12T09:41:39","date_gmt":"2019-07-12T07:41:39","guid":{"rendered":"https:\/\/irinakuehn.de\/?page_id=19439"},"modified":"2019-10-29T16:39:39","modified_gmt":"2019-10-29T15:39:39","slug":"impressum","status":"publish","type":"page","link":"https:\/\/irinakuehn.de\/en\/impressum\/","title":{"rendered":"Impressum"},"content":{"rendered":"<div      class=\"vc_row wpb_row section vc_row-fluid  grid_section\" style='background-color:#ffffff; padding-top:60px; padding-bottom:45px; text-align:left;'><div class=\"section_inner clearfix\"><div class='section_inner_margin clearfix'><div class=\"wpb_column vc_column_container vc_col-sm-12\"><div class=\"vc_column-inner\"><div class=\"wpb_wrapper\"><div      class=\"vc_row wpb_row section vc_row-fluid vc_inner\" style=' text-align:left;'><div class=\"full_section_inner clearfix\"><div class=\"wpb_column vc_column_container vc_col-sm-6\"><div class=\"vc_column-inner\"><div class=\"wpb_wrapper\">\n\t<div class=\"wpb_text_column wpb_content_element  vc_custom_1569264134682\">\n\t\t<div class=\"wpb_wrapper\">\n\t\t\t<h2><span style=\"color: #3a3a3a;\">Anbieterkennzeichnung gem. \u00a7 5 TMG<\/span><\/h2>\n<p>&nbsp;<\/p>\n<p><span style=\"color: #3a3a3a;\">Irina K\u00fchn c\/o Cyhn Media<\/span><\/p>\n<p><span style=\"color: #3a3a3a;\">In den Ringelg\u00e4rten 24<\/span><\/p>\n<p><span style=\"color: #3a3a3a;\">70374 Stuttgart<\/span><\/p>\n<p><span style=\"color: #3a3a3a;\">E-Mail:<\/span> <a href=\"mailto:mail@irinakuehn.de\">mail@irinakuehn.de<\/a><\/p>\n<p><span style=\"color: #3a3a3a;\">Web:<\/span> <a href=\"https:\/\/irinakuehn.de\/en\/\">irinakuehn.de<\/a><\/p>\n<p><span style=\"color: #3a3a3a;\">Steuer-Nummer: 90233\/42666<br \/>\n<\/span><\/p>\n<p><span style=\"color: #3a3a3a;\">Inhaltlich Verantwortlicher (gem\u00e4\u00df \u00a7 55 Abs. 2 RStV):<\/span><br \/>\n<span style=\"color: #3a3a3a;\">Irina K\u00fchn (Anschrift wie oben)<\/span><\/p>\n\n\t\t<\/div> \n\t<\/div> <\/div><\/div><\/div><div class=\"wpb_column vc_column_container vc_col-sm-6\"><div class=\"vc_column-inner\"><div class=\"wpb_wrapper\">\n\t<div class=\"wpb_text_column wpb_content_element\">\n\t\t<div class=\"wpb_wrapper\">\n\t\t\t<h2><span style=\"color: #3a3a3a;\">Gestaltung und Umsetzung<\/span><\/h2>\n<h3><span style=\"color: #3a3a3a;\"><strong><br \/>\n<\/strong>Logo<strong><br \/>\n<\/strong><\/span><\/h3>\n<p><span style=\"color: #3a3a3a;\">Caroline Isella \/\/ <a href=\"http:\/\/www.caroline-isella.de\/\" target=\"_blank\" rel=\"noopener noreferrer\">caroline-isella.de<\/a><\/span><\/p>\n<p>&nbsp;<\/p>\n<h3><span style=\"color: #3a3a3a;\">Layout Fotos<\/span><\/h3>\n<p><span style=\"color: #3a3a3a;\">Nina Wellstein \/\/ <a href=\"https:\/\/ninawellstein.com\" target=\"_blank\" rel=\"noopener noreferrer\">nina-wellstein.com<\/a><\/span><\/p>\n<p>&nbsp;<\/p>\n<h3><span style=\"color: #3a3a3a;\">Weitere Fotos<\/span><\/h3>\n<p><span style=\"color: #3a3a3a;\">Susanne Bachmann<br \/>\nFrank Fautz<br \/>\nManuel J. Karp<br \/>\nCindy Kay<br \/>\nDirk K\u00fcstner<br \/>\nWerner Ottens (wernerottens.de)<br \/>\nMarco Vetter<br \/>\nDigital Design Team (digitaldesignteam.de)<br \/>\n<\/span><span style=\"color: #3a3a3a;\">Amazing Sight Photography<br \/>\n<\/span><span style=\"color: #3a3a3a;\">(Credits siehe jeweiliges Foto)<\/span><\/p>\n<p>&nbsp;<\/p>\n<h3>Technische Umsetzung<\/h3>\n<p><span style=\"color: #3a3a3a;\">Irina K\u00fchn mit technischem Support von Maximilian Renz (<\/span><a href=\"https:\/\/renzcom.de\">RENZCOM<\/a><span style=\"color: #3a3a3a;\">)<\/span><\/p>\n\n\t\t<\/div> \n\t<\/div> <\/div><\/div><\/div><\/div><\/div><div class=\"separator  normal\" style=\"margin-top: 45px;margin-bottom: 60px;background-color: #000000;\"><\/div>\n<div      class=\"vc_row wpb_row section vc_row-fluid vc_inner\" style=' text-align:left;'><div class=\"full_section_inner clearfix\"><div class=\"wpb_column vc_column_container vc_col-sm-6\"><div class=\"vc_column-inner\"><div class=\"wpb_wrapper\">\n\t<div class=\"wpb_text_column wpb_content_element\">\n\t\t<div class=\"wpb_wrapper\">\n\t\t\t<h2><span style=\"color: #3a3a3a;\">Inhalt des Onlineangebotes<\/span><\/h2>\n<p>&nbsp;<\/p>\n<p><span style=\"color: #3a3a3a;\">Der Autor \u00fcbernimmt keinerlei Gew\u00e4hr f\u00fcr die Aktualit\u00e4t, Korrektheit, Vollst\u00e4ndigkeit oder Qualit\u00e4t der bereitgestellten Informationen. Haftungsanspr\u00fcche gegen den Autor, welche sich auf Sch\u00e4den materieller oder ideeller Art beziehen, die durch die Nutzung oder Nichtnutzung der dargebotenen Informationen bzw. durch die Nutzung fehlerhafter und unvollst\u00e4ndiger Informationen verursacht wurden, sind grunds\u00e4tzlich ausgeschlossen, sofern seitens des Autors kein nachweislich vors\u00e4tzliches oder grob fahrl\u00e4ssiges Verschulden vorliegt. Alle Angebote sind freibleibend und unverbindlich. Der Autor beh\u00e4lt es sich ausdr\u00fccklich vor, Teile der Seiten oder das gesamte Angebot ohne gesonderte Ank\u00fcndigung zu ver\u00e4ndern, zu erg\u00e4nzen, zu l\u00f6schen oder die Ver\u00f6ffentlichung zeitweise oder endg\u00fcltig einzustellen.<\/span><\/p>\n\n\t\t<\/div> \n\t<\/div> <\/div><\/div><\/div><div class=\"wpb_column vc_column_container vc_col-sm-6\"><div class=\"vc_column-inner\"><div class=\"wpb_wrapper\">\n\t<div class=\"wpb_text_column wpb_content_element\">\n\t\t<div class=\"wpb_wrapper\">\n\t\t\t<h2><span style=\"color: #3a3a3a;\">Urheber- und Kennzeichenrecht<\/span><\/h2>\n<p>&nbsp;<\/p>\n<p><span style=\"color: #3a3a3a;\">Der Autor ist bestrebt, in allen Publikationen die Urheberrechte der verwendeten Grafiken, Tondokumente, Videosequenzen und Texte zu beachten, von ihm selbst erstellte Grafiken, Tondokumente, Videosequenzen und Texte zu nutzen oder auf lizenzfreie Grafiken, Tondokumente, Videosequenzen und Texte zur\u00fcckzugreifen. Alle innerhalb des Internetangebotes genannten und ggf. durch Dritte gesch\u00fctzten Marken- und Warenzeichen unterliegen uneingeschr\u00e4nkt den Bestimmungen des jeweils g\u00fcltigen Kennzeichenrechts und den Besitzrechten der jeweiligen eingetragenen Eigent\u00fcmer. Allein aufgrund der blo\u00dfen Nennung ist nicht der Schlu\u00df zu ziehen, dass Markenzeichen nicht durch Rechte Dritter gesch\u00fctzt sind! Das Copyright f\u00fcr ver\u00f6ffentlichte, vom Autor selbst erstellte Objekte bleibt allein beim Autor der Seiten. Eine Vervielf\u00e4ltigung oder Verwendung solcher Grafiken, Tondokumente, Videosequenzen und Texte in anderen elektronischen oder gedruckten Publikationen ist ohne ausdr\u00fcckliche Zustimmung des Autors nicht gestattet.<\/span><\/p>\n<p>&nbsp;<\/p>\n<h2><span style=\"color: #3a3a3a;\">Rechtswirksamkeit dieses Haftungsausschlusses<\/span><\/h2>\n<p>&nbsp;<\/p>\n<p><span style=\"color: #3a3a3a;\">Dieser Haftungsausschluss ist als Teil des Internetangebotes zu betrachten, von dem aus auf diese Seite verwiesen wurde. Sofern Teile oder einzelne Formulierungen dieses Textes der geltenden Rechtslage nicht, nicht mehr oder nicht vollst\u00e4ndig entsprechen sollten, bleiben die \u00fcbrigen Teile des Dokumentes in ihrem Inhalt und ihrer G\u00fcltigkeit davon unber\u00fchrt.<\/span><\/p>\n\n\t\t<\/div> \n\t<\/div> <\/div><\/div><\/div><\/div><\/div><\/div><\/div><\/div><div class=\"wpb_column vc_column_container vc_col-sm-12\"><div class=\"vc_column-inner\"><div class=\"wpb_wrapper\"><\/div><\/div><\/div><\/div><\/div><\/div>","protected":false},"excerpt":{"rendered":"Anbieterkennzeichnung gem. \u00a7 5 TMG &nbsp; Irina K\u00fchn c\/o Cyhn Media In den Ringelg\u00e4rten 24 70374 Stuttgart E-Mail: mail@irinakuehn.de Web: irinakuehn.de Steuer-Nummer: 90233\/42666 Inhaltlich Verantwortlicher (gem\u00e4\u00df \u00a7 55 Abs. 2 RStV): Irina K\u00fchn (Anschrift wie oben) Gestaltung und Umsetzung Logo Caroline Isella \/\/ caroline-isella.de &nbsp;...","protected":false},"author":3,"featured_media":0,"parent":0,"menu_order":9,"comment_status":"open","ping_status":"open","template":"full_width.php","meta":{"_mi_skip_tracking":false},"_links":{"self":[{"href":"https:\/\/irinakuehn.de\/en\/wp-json\/wp\/v2\/pages\/19439"}],"collection":[{"href":"https:\/\/irinakuehn.de\/en\/wp-json\/wp\/v2\/pages"}],"about":[{"href":"https:\/\/irinakuehn.de\/en\/wp-json\/wp\/v2\/types\/page"}],"author":[{"embeddable":true,"href":"https:\/\/irinakuehn.de\/en\/wp-json\/wp\/v2\/users\/3"}],"replies":[{"embeddable":true,"href":"https:\/\/irinakuehn.de\/en\/wp-json\/wp\/v2\/comments?post=19439"}],"version-history":[{"count":14,"href":"https:\/\/irinakuehn.de\/en\/wp-json\/wp\/v2\/pages\/19439\/revisions"}],"predecessor-version":[{"id":19883,"href":"https:\/\/irinakuehn.de\/en\/wp-json\/wp\/v2\/pages\/19439\/revisions\/19883"}],"wp:attachment":[{"href":"https:\/\/irinakuehn.de\/en\/wp-json\/wp\/v2\/media?parent=19439"}],"curies":[{"name":"wp","href":"https:\/\/api.w.org\/{rel}","templated":true}]}}