{"id":19456,"date":"2019-07-22T13:20:15","date_gmt":"2019-07-22T11:20:15","guid":{"rendered":"https:\/\/irinakuehn.de\/?page_id=19456"},"modified":"2019-09-24T16:42:27","modified_gmt":"2019-09-24T14:42:27","slug":"jam-delay","status":"publish","type":"page","link":"https:\/\/irinakuehn.de\/en\/jam-delay\/","title":{"rendered":"JAM DELAY"},"content":{"rendered":"<div      class=\"vc_row wpb_row section vc_row-fluid  grid_section\" style='background-color:#000000; padding-top:60px; text-align:center;'><div class=\"section_inner clearfix\"><div class='section_inner_margin clearfix'><div class=\"wpb_column vc_column_container vc_col-sm-8\"><div class=\"vc_column-inner\"><div class=\"wpb_wrapper\">\n\t<div class=\"wpb_text_column wpb_content_element\">\n\t\t<div class=\"wpb_wrapper\">\n\t\t\t<h3 style=\"text-align: left;\"><span style=\"color: #ffffff;\">Deutschlands erste Jan Delay &amp; Disko No. 1-Tribute-Band<\/span><\/h3>\n<p style=\"text-align: left;\"><span style=\"color: #a09d9d;\"><br \/>\nTanzen, schreien, h\u00fcpfen, das sind die Attribute eines JAM DELAY Konzertes. Verschwitzte Shirts und tanzende Massen bestimmen das Bild auf der Tanzfl\u00e4che. Alle Hits des deutschen Ausnahmek\u00fcnstlers werden originalgetreu interpretiert. Die zehnk\u00f6pfige Band aus dem S\u00fcden der Republik macht vor allem eines: LAUNE, LAUNE, LAUNE! Songs wie Oh Johnny, Wacken, Feuer, Klar und T\u00fcrlich, T\u00fcrlich verwandeln jeden Saal in einen siedenden Topf. JAM DELAY kommen mit einer vierk\u00f6pfigen Funk-Combo, drei swingenden Bl\u00e4sern, zwei fantastischen Ladies im Background und ihrem eigenen Chefstyler an der Front \u2013 Disko Feeling ist vorprogrammiert!<\/span><\/p>\n<p>&nbsp;<\/p>\n<p style=\"text-align: left;\"><span style=\"color: #a09d9d;\">JAM DELAY spielten bereits auf dem Schlossgrabenfest Darmstadt, dem Flensfestival Flensburg, den Husumer Hafentagen und dem Briloner Musiksommer.<\/span><\/p>\n<p style=\"text-align: left;\" data-canvas-width=\"168.39000000000001\"><strong><br \/>\n<span style=\"color: #ffffff;\">BESETZUNG:<\/span><\/strong><\/p>\n<p style=\"text-align: left;\" data-canvas-width=\"168.39000000000001\"><span style=\"color: #a09d9d;\">Damian Steuer (Vocals), Gudrun Wagner (Vocals), Irina K\u00fchn (Vocals), Paul Stoltze (Saxofon), Erwin Schwichtenberg (Posaune), Hardy Appich (Trompete), Carsten Weissbrod (Keyboard), Thomas Wainer (Gitarre), Felix Jacobs (Bass), Tino Calmbach (Schlagzeug)<\/span><\/p>\n\n\t\t<\/div> \n\t<\/div> <\/div><\/div><\/div><div class=\"wpb_column vc_column_container vc_col-sm-4\"><div class=\"vc_column-inner\"><div class=\"wpb_wrapper\"><div class=\"separator  transparent\" style=\"height: 25px;\"><\/div>\n\n\t<div class=\"wpb_text_column wpb_content_element\">\n\t\t<div class=\"wpb_wrapper\">\n\t\t\t<div class=\"info portfolio_custom_field\">\n<p style=\"text-align: left;\"><span style=\"color: #ffffff;\"><strong>WEBSITE<\/strong><\/span><\/p>\n<p style=\"text-align: left;\"><a href=\"http:\/\/www.jam-delay.de\" target=\"_blank\" rel=\"noopener noreferrer\">jam-delay.de <\/a><\/p>\n<\/div>\n<div class=\"info portfolio_custom_field\" style=\"text-align: left;\">\n<p><span style=\"color: #ffffff;\"><strong>FACEBOOK<\/strong><\/span><\/p>\n<p><a href=\"https:\/\/www.facebook.com\/pages\/JAM-DELAY\/177797769011304\" target=\"_blank\" rel=\"noopener noreferrer\">facebook.com\/JAM-DELAY<\/a><\/p>\n<\/div>\n\n\t\t<\/div> \n\t<\/div> <div class=\"separator  transparent\" style=\"height: 20px;\"><\/div>\n\n\t<div class=\"wpb_text_column wpb_content_element\">\n\t\t<div class=\"wpb_wrapper\">\n\t\t\t<p style=\"text-align: left;\"><strong><span style=\"color: #ffffff;\">JAM DELAY PROMO VIDEO<\/span><\/strong><\/p>\n<p>&nbsp;<\/p>\n<p style=\"text-align: left;\"><iframe loading=\"lazy\" src=\"https:\/\/www.youtube.com\/embed\/zw2CsYdztKI?controls=0\" width=\"300\" height=\"169\" frameborder=\"0\" allowfullscreen=\"allowfullscreen\"><\/iframe><\/p>\n\n\t\t<\/div> \n\t<\/div> <\/div><\/div><\/div><\/div><\/div><\/div><div      class=\"vc_row wpb_row section vc_row-fluid  grid_section\" style='background-color:#000000; padding-top:60px; padding-bottom:60px; text-align:left;'><div class=\"section_inner clearfix\"><div class='section_inner_margin clearfix'><div class=\"wpb_column vc_column_container vc_col-sm-12\"><div class=\"vc_column-inner\"><div class=\"wpb_wrapper\"><div      class=\"vc_row wpb_row section vc_row-fluid vc_inner  grid_section\" style=' padding-bottom:60pxpx; text-align:left;'><div class=\"section_inner clearfix\"><div class='section_inner_margin clearfix'><div class=\"wpb_column vc_column_container vc_col-sm-4\"><div class=\"vc_column-inner\"><div class=\"wpb_wrapper\">\n\t<div class=\"wpb_single_image wpb_content_element vc_align_left\">\n\t\t<div class=\"wpb_wrapper\">\n\t\t\t\n\t\t\t<div class=\"vc_single_image-wrapper   vc_box_border_grey\"><img class=\"vc_single_image-img\" src=\"https:\/\/irinakuehn.de\/wp-content\/uploads\/2015\/05\/Jam-Delay_1-350x280.jpg\" width=\"350\" height=\"280\" alt=\"Jam Delay \/\/ \u00a9 Swen Heim\" title=\"Jam Delay \/\/ \u00a9 Swen Heim\" \/><\/div>\n\t\t<\/div>\n\t<\/div>\n<div class=\"separator  transparent\" style=\"margin-top: 20px;\"><\/div>\n<\/div><\/div><\/div><div class=\"wpb_column vc_column_container vc_col-sm-4\"><div class=\"vc_column-inner\"><div class=\"wpb_wrapper\">\n\t<div class=\"wpb_single_image wpb_content_element vc_align_left\">\n\t\t<div class=\"wpb_wrapper\">\n\t\t\t\n\t\t\t<div class=\"vc_single_image-wrapper   vc_box_border_grey\"><img class=\"vc_single_image-img\" src=\"https:\/\/irinakuehn.de\/wp-content\/uploads\/2015\/05\/Jam-Delay_2-350x280.jpg\" width=\"350\" height=\"280\" alt=\"Jam Delay \/\/ \u00a9 FRIZZ\" title=\"Jam Delay \/\/ \u00a9 FRIZZ\" \/><\/div>\n\t\t<\/div>\n\t<\/div>\n<div class=\"separator  transparent\" style=\"margin-top: 20px;\"><\/div>\n<\/div><\/div><\/div><div class=\"wpb_column vc_column_container vc_col-sm-4\"><div class=\"vc_column-inner\"><div class=\"wpb_wrapper\">\n\t<div class=\"wpb_single_image wpb_content_element vc_align_left\">\n\t\t<div class=\"wpb_wrapper\">\n\t\t\t\n\t\t\t<div class=\"vc_single_image-wrapper   vc_box_border_grey\"><img class=\"vc_single_image-img\" src=\"https:\/\/irinakuehn.de\/wp-content\/uploads\/2015\/05\/Jam-Delay_3-350x280.jpg\" width=\"350\" height=\"280\" alt=\"Jam Delay \/\/ \u00a9 Swen Heim\" title=\"Jam Delay \/\/ \u00a9 Swen Heim\" \/><\/div>\n\t\t<\/div>\n\t<\/div>\n<div class=\"separator  transparent\" style=\"margin-top: 20px;\"><\/div>\n<\/div><\/div><\/div><\/div><\/div><\/div><div class=\"separator  transparent\" style=\"margin-top: 40px;\"><\/div>\n<\/div><\/div><\/div><\/div><\/div><\/div>","protected":false},"excerpt":{"rendered":"Deutschlands erste Jan Delay &amp; Disko No. 1-Tribute-Band Tanzen, schreien, h\u00fcpfen, das sind die Attribute eines JAM DELAY Konzertes. Verschwitzte Shirts und tanzende Massen bestimmen das Bild auf der Tanzfl\u00e4che. Alle Hits des deutschen Ausnahmek\u00fcnstlers werden originalgetreu interpretiert. Die zehnk\u00f6pfige Band aus dem S\u00fcden der...","protected":false},"author":3,"featured_media":0,"parent":0,"menu_order":2,"comment_status":"open","ping_status":"open","template":"full_width.php","meta":{"_mi_skip_tracking":false},"_links":{"self":[{"href":"https:\/\/irinakuehn.de\/en\/wp-json\/wp\/v2\/pages\/19456"}],"collection":[{"href":"https:\/\/irinakuehn.de\/en\/wp-json\/wp\/v2\/pages"}],"about":[{"href":"https:\/\/irinakuehn.de\/en\/wp-json\/wp\/v2\/types\/page"}],"author":[{"embeddable":true,"href":"https:\/\/irinakuehn.de\/en\/wp-json\/wp\/v2\/users\/3"}],"replies":[{"embeddable":true,"href":"https:\/\/irinakuehn.de\/en\/wp-json\/wp\/v2\/comments?post=19456"}],"version-history":[{"count":27,"href":"https:\/\/irinakuehn.de\/en\/wp-json\/wp\/v2\/pages\/19456\/revisions"}],"predecessor-version":[{"id":19458,"href":"https:\/\/irinakuehn.de\/en\/wp-json\/wp\/v2\/pages\/19456\/revisions\/19458"}],"wp:attachment":[{"href":"https:\/\/irinakuehn.de\/en\/wp-json\/wp\/v2\/media?parent=19456"}],"curies":[{"name":"wp","href":"https:\/\/api.w.org\/{rel}","templated":true}]}}