{"id":19461,"date":"2019-07-22T14:08:33","date_gmt":"2019-07-22T12:08:33","guid":{"rendered":"https:\/\/irinakuehn.de\/?page_id=19461"},"modified":"2022-11-14T12:22:51","modified_gmt":"2022-11-14T11:22:51","slug":"plain-folly","status":"publish","type":"page","link":"https:\/\/irinakuehn.de\/en\/plain-folly\/","title":{"rendered":"PLAIN FOLLY"},"content":{"rendered":"<div      class=\"vc_row wpb_row section vc_row-fluid  grid_section\" style='background-color:#000000; padding-top:60px; padding-bottom:0px; text-align:center;'><div class=\"section_inner clearfix\"><div class='section_inner_margin clearfix'><div class=\"wpb_column vc_column_container vc_col-sm-8\"><div class=\"vc_column-inner\"><div class=\"wpb_wrapper\">\n\t<div class=\"wpb_text_column wpb_content_element  vc_custom_1668424828673\">\n\t\t<div class=\"wpb_wrapper\">\n\t\t\t<p style=\"text-align: left;\"><span style=\"color: #a09d9d;\">Plain Folly ist vieles. Unangepasst, nachdenklich, manchmal vertr\u00e4umt, manchmal eruptiv. Immer aber: DIY as fuck. Irina K\u00fchn alias Plain Folly schreibt ihre eigenen Songs, spielt fast alle Instrumente ein, produziert teilweise selbst. Ihr melancholisch pulsierendes Indie-Prisma schafft sich zwischen Fiona Apple, Phoebe Bridgers und Florence + the Machine eine ganz eigene Nische, getragen von ihrer wandlungsreichen Stimme und ihrem perlenden Klavierspiel. Ihre Musik ist deswegen auff\u00e4llig tief, ein wogender Ozean an Assoziationen und Emotionen, mal wundersch\u00f6n und mal bedrohlich. Es gibt Licht, aber nicht ohne Schatten. Es gibt Schmerz, aber nicht ohne Hoffnung. Mal gestaltwandelnd als federleichter, mal als treibender Indie Pop mit einem Fokus auf ihre kraftvolle Stimme und ihr gro\u00dfes Talent an den schwarzen und wei\u00dfen Tasten. Mal als eruptive Rock-Katharsis. Mal als dunkle Trip-Hop-M\u00e4r. Ihr 2023 erscheinendes neues Album vertont Selbstzweifel und Verg\u00e4nglichkeit, stellt sich bei aller Schwere k\u00fchn und allein den St\u00fcrmen des Lebens \u2013 ein heilsamer, musikalisch bet\u00f6render Akt des Self-Empowerment. Plain Folly: Immer schon against all odds. Und eine sagenhaft aufregende Indie-Neuentdeckung.<\/span><\/p>\n<p>&nbsp;<\/p>\n\n\t\t<\/div> \n\t<\/div> <div      class=\"vc_row wpb_row section vc_row-fluid vc_inner  vc_custom_1569263244102\" style=' text-align:center;'><div class=\"full_section_inner clearfix\"><div class=\"wpb_column vc_column_container vc_col-sm-3\"><div class=\"vc_column-inner\"><div class=\"wpb_wrapper\"><span class='q_social_icon_holder circle_social' data-color=\"#ffffff\" data-hover-background-color=\"#933207\" data-hover-border-color=\"#ffffff\" data-hover-color=\"#ffffff\"><a itemprop='url' href='https:\/\/open.spotify.com\/artist\/7Gbjplu9Gb5yoWpcry9ukI?si=EABcvHWWT3SN9IE-Wuf-GQ' target='_self'><span class='fa-stack fa-lg' style='background-color: #000000;border-color: #ffffff;border-width: 1px;'><span aria-hidden=\"true\" class=\"qode_icon_font_elegant social_spotify_circle\" style=\"color: #ffffff;\" ><\/span><\/span><\/a><\/span>\n\t<div class=\"wpb_text_column wpb_content_element\">\n\t\t<div class=\"wpb_wrapper\">\n\t\t\t<p>Spotify<\/p>\n\n\t\t<\/div> \n\t<\/div> <\/div><\/div><\/div><div class=\"wpb_column vc_column_container vc_col-sm-3\"><div class=\"vc_column-inner\"><div class=\"wpb_wrapper\"><span class='q_social_icon_holder circle_social' data-color=\"#ffffff\" data-hover-background-color=\"#933207\" data-hover-border-color=\"#ffffff\" data-hover-color=\"#ffffff\"><a itemprop='url' href='https:\/\/itunes.apple.com\/de\/artist\/plain-folly\/523650389' target='_self'><span class='fa-stack fa-lg' style='background-color: #000000;border-color: #ffffff;border-width: 1px;'><i class=\"qode_icon_font_awesome fa fa-apple\" style=\"color: #ffffff;\" ><\/i><\/span><\/a><\/span>\n\t<div class=\"wpb_text_column wpb_content_element\">\n\t\t<div class=\"wpb_wrapper\">\n\t\t\t<p>Apple Music<\/p>\n\n\t\t<\/div> \n\t<\/div> <\/div><\/div><\/div><div class=\"wpb_column vc_column_container vc_col-sm-3\"><div class=\"vc_column-inner\"><div class=\"wpb_wrapper\"><span class='q_social_icon_holder circle_social' data-color=\"#ffffff\" data-hover-background-color=\"#933207\" data-hover-border-color=\"#ffffff\" data-hover-color=\"#ffffff\"><a itemprop='url' href='https:\/\/www.amazon.de\/Fortuities-Plain-Folly\/dp\/B07796V98L' target='_self'><span class='fa-stack fa-lg' style='background-color: #000000;border-color: #ffffff;border-width: 1px;'><i class=\"qode_icon_font_awesome fa fa-amazon\" style=\"color: #ffffff;\" ><\/i><\/span><\/a><\/span>\n\t<div class=\"wpb_text_column wpb_content_element\">\n\t\t<div class=\"wpb_wrapper\">\n\t\t\t<p>Amazon Music<\/p>\n\n\t\t<\/div> \n\t<\/div> <\/div><\/div><\/div><div class=\"wpb_column vc_column_container vc_col-sm-3\"><div class=\"vc_column-inner\"><div class=\"wpb_wrapper\"><span class='q_social_icon_holder circle_social' data-color=\"#ffffff\" data-hover-background-color=\"#933207\" data-hover-border-color=\"#ffffff\" data-hover-color=\"#ffffff\"><a itemprop='url' href='https:\/\/www.youtube.com\/@plainfolly' target='_self'><span class='fa-stack fa-lg' style='background-color: #000000;border-color: #ffffff;border-width: 1px;'><i class=\"qode_icon_font_awesome fa fa-youtube\" style=\"color: #ffffff;\" ><\/i><\/span><\/a><\/span>\n\t<div class=\"wpb_text_column wpb_content_element\">\n\t\t<div class=\"wpb_wrapper\">\n\t\t\t<p>YouTube<\/p>\n\n\t\t<\/div> \n\t<\/div> <\/div><\/div><\/div><\/div><\/div><\/div><\/div><\/div><div class=\"wpb_column vc_column_container vc_col-sm-4\"><div class=\"vc_column-inner\"><div class=\"wpb_wrapper\">\n\t<div class=\"wpb_text_column wpb_content_element\">\n\t\t<div class=\"wpb_wrapper\">\n\t\t\t<div class=\"info portfolio_custom_field\">\n<p style=\"text-align: left;\"><span style=\"color: #ffffff;\"><strong>WEBSITE<\/strong><\/span><\/p>\n<p style=\"text-align: left;\"><a href=\"http:\/\/www.plainfolly.com\" target=\"_blank\" rel=\"noopener noreferrer\"> plainfolly.com <\/a><\/p>\n<\/div>\n<div class=\"info portfolio_custom_field\">\n<p style=\"text-align: left;\"><span style=\"color: #ffffff;\"><strong>INSTAGRAM<\/strong><\/span><\/p>\n<p style=\"text-align: left;\"><a href=\"https:\/\/www.instagram.com\/plainfolly\/\" target=\"_blank\" rel=\"noopener noreferrer\">instagram.com\/plainfolly <\/a><\/p>\n<\/div>\n<div class=\"info portfolio_custom_field\" style=\"text-align: left;\">\n<p><span style=\"color: #ffffff;\"><strong>FACEBOOK<\/strong><\/span><\/p>\n<p><a href=\"http:\/\/www.facebook.com\/plainfolly\" target=\"_blank\" rel=\"noopener noreferrer\"> facebook.com\/plainfolly <\/a><\/div>\n<div class=\"info portfolio_custom_field\" style=\"text-align: left;\">\n<p><span style=\"color: #ffffff;\"><strong>YOUTUBE<\/strong><\/span><\/p>\n<p><a href=\"http:\/\/www.youtube.com\/watchplainfolly\" target=\"_blank\" rel=\"noopener noreferrer\"> youtube.com\/watchplainfolly <\/a><\/div>\n<div class=\"info portfolio_custom_field\">\n<p style=\"text-align: left;\"><span style=\"color: #ffffff;\"><strong>SHOP<\/strong><\/span><\/p>\n<p style=\"text-align: left;\"><a href=\"http:\/\/www.plainfolly.bandcamp.com\" target=\"_blank\" rel=\"noopener noreferrer\"> plainfolly.bandcamp.com <\/a><\/p>\n<\/div>\n\n\t\t<\/div> \n\t<\/div> <\/div><\/div><\/div><\/div><\/div><\/div><div      class=\"vc_row wpb_row section vc_row-fluid  grid_section\" style='background-color:#000000; padding-top:60px; padding-bottom:40px; text-align:left;'><div class=\"section_inner clearfix\"><div class='section_inner_margin clearfix'><div class=\"wpb_column vc_column_container vc_col-sm-12\"><div class=\"vc_column-inner\"><div class=\"wpb_wrapper\"><div      class=\"vc_row wpb_row section vc_row-fluid vc_inner  grid_section\" style=' text-align:left;'><div class=\"section_inner clearfix\"><div class='section_inner_margin clearfix'><div class=\"wpb_column vc_column_container vc_col-sm-4\"><div class=\"vc_column-inner\"><div class=\"wpb_wrapper\">\n\t<div class=\"wpb_single_image wpb_content_element vc_align_left\">\n\t\t<div class=\"wpb_wrapper\">\n\t\t\t\n\t\t\t<div class=\"vc_single_image-wrapper   vc_box_border_grey\"><img class=\"vc_single_image-img\" src=\"https:\/\/irinakuehn.de\/wp-content\/uploads\/2019\/09\/PlainFolly_PressPic1-350x500.jpeg\" width=\"350\" height=\"500\" alt=\"Plain Folly Indie Pop Artist\" title=\"Plain Folly Indie Pop Artist\" \/><\/div>\n\t\t<\/div>\n\t<\/div>\n<div class=\"separator  transparent\" style=\"margin-top: 20px;\"><\/div>\n<\/div><\/div><\/div><div class=\"wpb_column vc_column_container vc_col-sm-4\"><div class=\"vc_column-inner\"><div class=\"wpb_wrapper\">\n\t<div class=\"wpb_single_image wpb_content_element vc_align_left\">\n\t\t<div class=\"wpb_wrapper\">\n\t\t\t\n\t\t\t<div class=\"vc_single_image-wrapper   vc_box_border_grey\"><img class=\"vc_single_image-img\" src=\"https:\/\/irinakuehn.de\/wp-content\/uploads\/2019\/09\/PlainFolly_PressPic2_color-scaled-350x500.jpg\" width=\"350\" height=\"500\" alt=\"Plain Folly Indie Pop Artist\" title=\"Plain Folly Indie Pop Artist\" \/><\/div>\n\t\t<\/div>\n\t<\/div>\n<div class=\"separator  transparent\" style=\"margin-top: 20px;\"><\/div>\n<\/div><\/div><\/div><div class=\"wpb_column vc_column_container vc_col-sm-4\"><div class=\"vc_column-inner\"><div class=\"wpb_wrapper\">\n\t<div class=\"wpb_single_image wpb_content_element vc_align_left\">\n\t\t<div class=\"wpb_wrapper\">\n\t\t\t\n\t\t\t<div class=\"vc_single_image-wrapper   vc_box_border_grey\"><img class=\"vc_single_image-img\" src=\"https:\/\/irinakuehn.de\/wp-content\/uploads\/2019\/09\/221013_plainfolly_cover_1500x1500_final_IK2-scaled-350x350.jpg\" width=\"350\" height=\"350\" alt=\"Plain Folly Breaking Clocks\" title=\"221013_plainfolly_cover_1500x1500_final_IK2\" \/><\/div>\n\t\t<\/div>\n\t<\/div>\n<div class=\"separator  transparent\" style=\"margin-top: 20px;\"><\/div>\n<\/div><\/div><\/div><\/div><\/div><\/div><\/div><\/div><\/div><\/div><\/div><\/div>","protected":false},"excerpt":{"rendered":"Plain Folly ist vieles. Unangepasst, nachdenklich, manchmal vertr\u00e4umt, manchmal eruptiv. Immer aber: DIY as fuck. Irina K\u00fchn alias Plain Folly schreibt ihre eigenen Songs, spielt fast alle Instrumente ein, produziert teilweise selbst. Ihr melancholisch pulsierendes Indie-Prisma schafft sich zwischen Fiona Apple, Phoebe Bridgers und Florence...","protected":false},"author":3,"featured_media":0,"parent":0,"menu_order":1,"comment_status":"open","ping_status":"open","template":"full_width.php","meta":{"_mi_skip_tracking":false},"_links":{"self":[{"href":"https:\/\/irinakuehn.de\/en\/wp-json\/wp\/v2\/pages\/19461"}],"collection":[{"href":"https:\/\/irinakuehn.de\/en\/wp-json\/wp\/v2\/pages"}],"about":[{"href":"https:\/\/irinakuehn.de\/en\/wp-json\/wp\/v2\/types\/page"}],"author":[{"embeddable":true,"href":"https:\/\/irinakuehn.de\/en\/wp-json\/wp\/v2\/users\/3"}],"replies":[{"embeddable":true,"href":"https:\/\/irinakuehn.de\/en\/wp-json\/wp\/v2\/comments?post=19461"}],"version-history":[{"count":33,"href":"https:\/\/irinakuehn.de\/en\/wp-json\/wp\/v2\/pages\/19461\/revisions"}],"predecessor-version":[{"id":20101,"href":"https:\/\/irinakuehn.de\/en\/wp-json\/wp\/v2\/pages\/19461\/revisions\/20101"}],"wp:attachment":[{"href":"https:\/\/irinakuehn.de\/en\/wp-json\/wp\/v2\/media?parent=19461"}],"curies":[{"name":"wp","href":"https:\/\/api.w.org\/{rel}","templated":true}]}}