{"id":19488,"date":"2019-07-22T15:02:03","date_gmt":"2019-07-22T13:02:03","guid":{"rendered":"https:\/\/irinakuehn.de\/?page_id=19488"},"modified":"2022-08-22T16:16:42","modified_gmt":"2022-08-22T14:16:42","slug":"musical-darstellerin","status":"publish","type":"page","link":"https:\/\/irinakuehn.de\/en\/musical-darstellerin\/","title":{"rendered":"MUSICAL"},"content":{"rendered":"<div      class=\"vc_row wpb_row section vc_row-fluid  grid_section\" style='background-color:#000000; padding-top:60px; text-align:center;'><div class=\"section_inner clearfix\"><div class='section_inner_margin clearfix'><div class=\"wpb_column vc_column_container vc_col-sm-8\"><div class=\"vc_column-inner\"><div class=\"wpb_wrapper\">\n\t<div class=\"wpb_text_column wpb_content_element  vc_custom_1661177787423\">\n\t\t<div class=\"wpb_wrapper\">\n\t\t\t<p style=\"text-align: left;\"><span style=\"color: #a09d9d;\">Seit 2019 ist Irina K\u00fchn auch als Musicaldarstellerin aktiv. Im Sommer 2022 war sie im Musical &#8222;ARTUS: EXCALIBUR&#8220; als Antagonistin Morgana auf der Open Air B\u00fchne des Theater unter den Kuppeln\u00a0 zu sehen. Das semiprofessionelle &#8222;Mehrsparten-Haus&#8220; mit einer Freilicht- und zwei Saalb\u00fchnen pr\u00e4sentiert bereits seit den 60er Jahren Musicals, Kinder- und Jugendtheater, Mundartst\u00fccke, modernes Theater und jede Menge Tanz und Musik. Unter der Regie von Semjon E. Dolmetsch konnte sie ihr schauspielerisches Talent unter Beweis stellen und die gesamte Sparte ihrer gesanglichen Qualit\u00e4ten von gef\u00fchlvoll und verletztlich bis kraftvoll und mitrei\u00dfend voll ausspielen.<br \/>\n<\/span><\/p>\n<p style=\"text-align: left;\"><span style=\"color: #a09d9d;\"><br \/>\nIhr Musical-Debut gab Irina bereits 2019 in &#8222;HAIRSPRAY &#8211; Das Broadway Musical&#8220; als Mitglied der Benefiz-Musical-Gruppe \u201eGo Musical to help\u201c aus Ludwigsburg. Das bunt gemischte 23-k\u00f6pfige Ensemble aus Profis und Hobbydarstellern inszenierte und pr\u00e4sentierte von 2009 &#8211; 2019 Musicals f\u00fcr einen wohlt\u00e4tigen Zweck, darunter St\u00fccke wie Fame, Hair, Dracula, Footlose und Die Addams Family. In den sechs Live-Shows im Freiberger Veranstaltungszentrum PRISMA \u00fcberzeugte Irina als b\u00f6sartige TV-Produzentin Velma von Tussle nicht nur gesanglich, sondern auch schauspielerisch auf ganzer Linie. <\/span><\/p>\n\n\t\t<\/div> \n\t<\/div> <\/div><\/div><\/div><div class=\"wpb_column vc_column_container vc_col-sm-4\"><div class=\"vc_column-inner\"><div class=\"wpb_wrapper\">\n\t<div class=\"wpb_single_image wpb_content_element vc_align_left\">\n\t\t<div class=\"wpb_wrapper\">\n\t\t\t\n\t\t\t<a class=\"qode-prettyphoto qode-single-image-pretty-photo\" data-rel=\"prettyPhoto[rel-19488-2266903456]\" href=\"https:\/\/irinakuehn.de\/wp-content\/uploads\/2019\/04\/IMG_0377.jpg\" target=\"_self\"><div class=\"vc_single_image-wrapper   vc_box_border_grey\"><img class=\"vc_single_image-img\" src=\"https:\/\/irinakuehn.de\/wp-content\/uploads\/2019\/04\/IMG_0377-350x280.jpg\" width=\"350\" height=\"280\" alt=\"Musicals\u00e4ngerin Irina K\u00fchn im Musical Hairspray\" title=\"Irina_Kuehn_IMG_0377\" \/><\/div><\/a>\n\t\t<\/div>\n\t<\/div>\n\n\t<div class=\"wpb_text_column wpb_content_element\">\n\t\t<div class=\"wpb_wrapper\">\n\t\t\t<p style=\"text-align: left;\">Zeitungsartikel vom 05.04.2019<\/p>\n\n\t\t<\/div> \n\t<\/div> <\/div><\/div><\/div><\/div><\/div><\/div><div      class=\"vc_row wpb_row section vc_row-fluid  grid_section\" style='background-color:#111111; padding-top:60px; padding-bottom:60px; text-align:left;'><div class=\"section_inner clearfix\"><div class='section_inner_margin clearfix'><div class=\"wpb_column vc_column_container vc_col-sm-12\"><div class=\"vc_column-inner\"><div class=\"wpb_wrapper\">\n\t<div class=\"wpb_text_column wpb_content_element\">\n\t\t<div class=\"wpb_wrapper\">\n\t\t\t<h2 style=\"text-align: center;\"><span style=\"color: #ffffff;\">BILDER AUS &#8222;ARTUS &#8211; EXCALIBUR&#8220;<\/span><\/h2>\n\n\t\t<\/div> \n\t<\/div> <div class=\"separator  transparent\" style=\"height: 40pxpx;\"><\/div>\n<div class=\"separator  transparent\" style=\"height: 40pxpx;\"><\/div>\n<div class=\"wpb_gallery wpb_content_element vc_clearfix\"><div class=\"wpb_wrapper\"><div class=\"wpb_gallery_slides wpb_image_grid\" data-interval=\"3\"><div class=\"gallery_holder\"><ul class=\"gallery_inner gallery_without_space  v4\"><li class=\"no_grayscale\"><a itemprop=\"image\" class=\"qode-prettyphoto\" href=\"https:\/\/irinakuehn.de\/wp-content\/uploads\/2022\/08\/highres_ab11dec1-c582-www.schwarz.pics_.jpg\" data-rel=\"prettyPhoto[rel-19488-3200181397]\"><span class=\"gallery_hover\"><i class=\"fa fa-search\"><\/i><\/span><img class=\"\" src=\"https:\/\/irinakuehn.de\/wp-content\/uploads\/2022\/08\/highres_ab11dec1-c582-www.schwarz.pics_-400x350.jpg\" width=\"400\" height=\"350\" alt=\"S\u00e4ngerin Irina K\u00fchn als Darstellerin im Musical &quot;Artus - Excalibur&quot;\" title=\"highres_ab11dec1-c582-www.schwarz.pics\" \/><\/a><\/li><li class=\"no_grayscale\"><a itemprop=\"image\" class=\"qode-prettyphoto\" href=\"https:\/\/irinakuehn.de\/wp-content\/uploads\/2022\/08\/highres_ab11dec1-c582-4233-a7e1-8d4ca3e88c09_96057fc3-79cf-462f-9754-ce1ced68f170_fc7ffbe9-6f5c-4124-bd36-153.jpg\" data-rel=\"prettyPhoto[rel-19488-3200181397]\"><span class=\"gallery_hover\"><i class=\"fa fa-search\"><\/i><\/span><img class=\"\" src=\"https:\/\/irinakuehn.de\/wp-content\/uploads\/2022\/08\/highres_ab11dec1-c582-4233-a7e1-8d4ca3e88c09_96057fc3-79cf-462f-9754-ce1ced68f170_fc7ffbe9-6f5c-4124-bd36-153-400x350.jpg\" width=\"400\" height=\"350\" alt=\"S\u00e4ngerin Irina K\u00fchn als Darstellerin im Musical &quot;Artus - Excalibur&quot;\" title=\"highres_ab11dec1-c582-4233-a7e1-8d4ca3e88c09_96057fc3-79cf-462f-9754-ce1ced68f170_fc7ffbe9-6f5c-4124-bd36-153\" \/><\/a><\/li><li class=\"no_grayscale\"><a itemprop=\"image\" class=\"qode-prettyphoto\" href=\"https:\/\/irinakuehn.de\/wp-content\/uploads\/2022\/08\/IMG_4769-2-1900x1476.jpg\" data-rel=\"prettyPhoto[rel-19488-3200181397]\"><span class=\"gallery_hover\"><i class=\"fa fa-search\"><\/i><\/span><img class=\"\" src=\"https:\/\/irinakuehn.de\/wp-content\/uploads\/2022\/08\/IMG_4769-2-400x350.jpg\" width=\"400\" height=\"350\" alt=\"S\u00e4ngerin Irina K\u00fchn als Darstellerin im Musical &quot;Artus - Excalibur&quot;\" title=\"IMG_4769 2\" \/><\/a><\/li><li class=\"no_grayscale\"><a itemprop=\"image\" class=\"qode-prettyphoto\" href=\"https:\/\/irinakuehn.de\/wp-content\/uploads\/2022\/08\/IMG_4768-2-1900x1343.jpg\" data-rel=\"prettyPhoto[rel-19488-3200181397]\"><span class=\"gallery_hover\"><i class=\"fa fa-search\"><\/i><\/span><img class=\"\" src=\"https:\/\/irinakuehn.de\/wp-content\/uploads\/2022\/08\/IMG_4768-2-400x350.jpg\" width=\"400\" height=\"350\" alt=\"S\u00e4ngerin Irina K\u00fchn als Darstellerin im Musical &quot;Artus - Excalibur&quot;\" title=\"IMG_4768 2\" \/><\/a><\/li><li class=\"no_grayscale\"><a itemprop=\"image\" class=\"qode-prettyphoto\" href=\"https:\/\/irinakuehn.de\/wp-content\/uploads\/2022\/08\/XT4F3885-1900x1900.jpg\" data-rel=\"prettyPhoto[rel-19488-3200181397]\"><span class=\"gallery_hover\"><i class=\"fa fa-search\"><\/i><\/span><img class=\"\" src=\"https:\/\/irinakuehn.de\/wp-content\/uploads\/2022\/08\/XT4F3885-400x350.jpg\" width=\"400\" height=\"350\" alt=\"S\u00e4ngerin Irina K\u00fchn als Darstellerin im Musical &quot;Artus - Excalibur&quot;\" title=\"XT4F3885\" \/><\/a><\/li><li class=\"no_grayscale\"><a itemprop=\"image\" class=\"qode-prettyphoto\" href=\"https:\/\/irinakuehn.de\/wp-content\/uploads\/2022\/08\/highres_ab11dec1-c582-.jpg\" data-rel=\"prettyPhoto[rel-19488-3200181397]\"><span class=\"gallery_hover\"><i class=\"fa fa-search\"><\/i><\/span><img class=\"\" src=\"https:\/\/irinakuehn.de\/wp-content\/uploads\/2022\/08\/highres_ab11dec1-c582--400x350.jpg\" width=\"400\" height=\"350\" alt=\"S\u00e4ngerin Irina K\u00fchn als Darstellerin im Musical &quot;Artus - Excalibur&quot;\" title=\"highres_ab11dec1-c582-\" \/><\/a><\/li><li class=\"no_grayscale\"><a itemprop=\"image\" class=\"qode-prettyphoto\" href=\"https:\/\/irinakuehn.de\/wp-content\/uploads\/2022\/08\/highres_ab11dec1-c582-4233-a7e1-8d4ca3.jpeg\" data-rel=\"prettyPhoto[rel-19488-3200181397]\"><span class=\"gallery_hover\"><i class=\"fa fa-search\"><\/i><\/span><img class=\"\" src=\"https:\/\/irinakuehn.de\/wp-content\/uploads\/2022\/08\/highres_ab11dec1-c582-4233-a7e1-8d4ca3-400x350.jpeg\" width=\"400\" height=\"350\" alt=\"S\u00e4ngerin Irina K\u00fchn als Darstellerin im Musical &quot;Artus - Excalibur&quot;\" title=\"highres_ab11dec1-c582-4233-a7e1-8d4ca3\" \/><\/a><\/li><\/ul><\/div><\/div><\/div><\/div>\n\t<div class=\"wpb_text_column wpb_content_element\">\n\t\t<div class=\"wpb_wrapper\">\n\t\t\t<p>Fotos by Markus Schwarz und Franziska Pless.<\/p>\n\n\t\t<\/div> \n\t<\/div> <\/div><\/div><\/div><\/div><\/div><\/div><div      class=\"vc_row wpb_row section vc_row-fluid  grid_section\" style='background-color:#111111; padding-top:60px; padding-bottom:60px; text-align:left;'><div class=\"section_inner clearfix\"><div class='section_inner_margin clearfix'><div class=\"wpb_column vc_column_container vc_col-sm-12\"><div class=\"vc_column-inner\"><div class=\"wpb_wrapper\">\n\t<div class=\"wpb_text_column wpb_content_element\">\n\t\t<div class=\"wpb_wrapper\">\n\t\t\t<h2 style=\"text-align: center;\"><span style=\"color: #ffffff;\">BILDER AUS &#8222;HAIRSPRAY&#8220;<\/span><\/h2>\n\n\t\t<\/div> \n\t<\/div> <div class=\"separator  transparent\" style=\"height: 40pxpx;\"><\/div>\n<div class=\"separator  transparent\" style=\"height: 40pxpx;\"><\/div>\n<div class=\"wpb_gallery wpb_content_element vc_clearfix\"><div class=\"wpb_wrapper\"><div class=\"wpb_gallery_slides wpb_image_grid\" data-interval=\"3\"><div class=\"gallery_holder\"><ul class=\"gallery_inner gallery_without_space  v4\"><li class=\"no_grayscale\"><a itemprop=\"image\" class=\"qode-prettyphoto\" href=\"https:\/\/irinakuehn.de\/wp-content\/uploads\/2020\/01\/Irina_Kuehn_Musical_web_4600.jpg\" data-rel=\"prettyPhoto[rel-19488-545367334]\"><span class=\"gallery_hover\"><i class=\"fa fa-search\"><\/i><\/span><img class=\"\" src=\"https:\/\/irinakuehn.de\/wp-content\/uploads\/2020\/01\/Irina_Kuehn_Musical_web_4600-400x267.jpg\" width=\"400\" height=\"267\" alt=\"Musical &quot;HAIRSPRAY&quot;\" title=\"Irina_Kuehn_Musical_web_4600\" \/><\/a><\/li><li class=\"no_grayscale\"><a itemprop=\"image\" class=\"qode-prettyphoto\" href=\"https:\/\/irinakuehn.de\/wp-content\/uploads\/2020\/01\/Irina_Kuehn_Musical_web_4992_Irina.jpg\" data-rel=\"prettyPhoto[rel-19488-545367334]\"><span class=\"gallery_hover\"><i class=\"fa fa-search\"><\/i><\/span><img class=\"\" src=\"https:\/\/irinakuehn.de\/wp-content\/uploads\/2020\/01\/Irina_Kuehn_Musical_web_4992_Irina-400x267.jpg\" width=\"400\" height=\"267\" alt=\"Musical &quot;HAIRSPRAY&quot;\" title=\"Irina_Kuehn_Musical_web_4992_Irina\" \/><\/a><\/li><li class=\"no_grayscale\"><a itemprop=\"image\" class=\"qode-prettyphoto\" href=\"https:\/\/irinakuehn.de\/wp-content\/uploads\/2020\/01\/Irina_Kuehn_Musical_web_4569_Irina.jpg\" data-rel=\"prettyPhoto[rel-19488-545367334]\"><span class=\"gallery_hover\"><i class=\"fa fa-search\"><\/i><\/span><img class=\"\" src=\"https:\/\/irinakuehn.de\/wp-content\/uploads\/2020\/01\/Irina_Kuehn_Musical_web_4569_Irina-400x267.jpg\" width=\"400\" height=\"267\" alt=\"Musical &quot;HAIRSPRAY&quot;\" title=\"Irina_Kuehn_Musical_web_4569_Irina\" \/><\/a><\/li><li class=\"no_grayscale\"><a itemprop=\"image\" class=\"qode-prettyphoto\" href=\"https:\/\/irinakuehn.de\/wp-content\/uploads\/2020\/01\/Irina_Kuehn_Musical_web_5293_Irina.jpg\" data-rel=\"prettyPhoto[rel-19488-545367334]\"><span class=\"gallery_hover\"><i class=\"fa fa-search\"><\/i><\/span><img class=\"\" src=\"https:\/\/irinakuehn.de\/wp-content\/uploads\/2020\/01\/Irina_Kuehn_Musical_web_5293_Irina-400x267.jpg\" width=\"400\" height=\"267\" alt=\"Musical &quot;HAIRSPRAY&quot;\" title=\"Irina_Kuehn_Musical_web_5293_Irina\" \/><\/a><\/li><li class=\"no_grayscale\"><a itemprop=\"image\" class=\"qode-prettyphoto\" href=\"https:\/\/irinakuehn.de\/wp-content\/uploads\/2020\/01\/Irina_Kuehn_Musical_web_5110_Nathalie.jpg\" data-rel=\"prettyPhoto[rel-19488-545367334]\"><span class=\"gallery_hover\"><i class=\"fa fa-search\"><\/i><\/span><img class=\"\" src=\"https:\/\/irinakuehn.de\/wp-content\/uploads\/2020\/01\/Irina_Kuehn_Musical_web_5110_Nathalie-400x267.jpg\" width=\"400\" height=\"267\" alt=\"Musical &quot;HAIRSPRAY&quot;\" title=\"Irina_Kuehn_Musical_web_5110_Nathalie\" \/><\/a><\/li><li class=\"no_grayscale\"><a itemprop=\"image\" class=\"qode-prettyphoto\" href=\"https:\/\/irinakuehn.de\/wp-content\/uploads\/2020\/01\/Irina_Kuehn_Musical_web_5419_Irina.jpg\" data-rel=\"prettyPhoto[rel-19488-545367334]\"><span class=\"gallery_hover\"><i class=\"fa fa-search\"><\/i><\/span><img class=\"\" src=\"https:\/\/irinakuehn.de\/wp-content\/uploads\/2020\/01\/Irina_Kuehn_Musical_web_5419_Irina-400x267.jpg\" width=\"400\" height=\"267\" alt=\"Musical &quot;HAIRSPRAY&quot;\" title=\"Irina_Kuehn_Musical_web_5419_Irina\" \/><\/a><\/li><li class=\"no_grayscale\"><a itemprop=\"image\" class=\"qode-prettyphoto\" href=\"https:\/\/irinakuehn.de\/wp-content\/uploads\/2020\/01\/Irina_Kuehn_Musical_web_4826_Irina.jpg\" data-rel=\"prettyPhoto[rel-19488-545367334]\"><span class=\"gallery_hover\"><i class=\"fa fa-search\"><\/i><\/span><img class=\"\" src=\"https:\/\/irinakuehn.de\/wp-content\/uploads\/2020\/01\/Irina_Kuehn_Musical_web_4826_Irina-400x267.jpg\" width=\"400\" height=\"267\" alt=\"Musical &quot;HAIRSPRAY&quot;\" title=\"Irina_Kuehn_Musical_web_4826_Irina\" \/><\/a><\/li><li class=\"no_grayscale\"><a itemprop=\"image\" class=\"qode-prettyphoto\" href=\"https:\/\/irinakuehn.de\/wp-content\/uploads\/2020\/01\/Irina_Kuehn_Musical_web_5147.jpg\" data-rel=\"prettyPhoto[rel-19488-545367334]\"><span class=\"gallery_hover\"><i class=\"fa fa-search\"><\/i><\/span><img class=\"\" src=\"https:\/\/irinakuehn.de\/wp-content\/uploads\/2020\/01\/Irina_Kuehn_Musical_web_5147-400x267.jpg\" width=\"400\" height=\"267\" alt=\"Musical &quot;HAIRSPRAY&quot;\" title=\"Irina_Kuehn_Musical_web_5147\" \/><\/a><\/li><li class=\"no_grayscale\"><a itemprop=\"image\" class=\"qode-prettyphoto\" href=\"https:\/\/irinakuehn.de\/wp-content\/uploads\/2020\/01\/Irina_Kuehn_Musical_web_4831_Irina.jpg\" data-rel=\"prettyPhoto[rel-19488-545367334]\"><span class=\"gallery_hover\"><i class=\"fa fa-search\"><\/i><\/span><img class=\"\" src=\"https:\/\/irinakuehn.de\/wp-content\/uploads\/2020\/01\/Irina_Kuehn_Musical_web_4831_Irina-400x267.jpg\" width=\"400\" height=\"267\" alt=\"Musical &quot;HAIRSPRAY&quot;\" title=\"Irina_Kuehn_Musical_web_4831_Irina\" \/><\/a><\/li><li class=\"no_grayscale\"><a itemprop=\"image\" class=\"qode-prettyphoto\" href=\"https:\/\/irinakuehn.de\/wp-content\/uploads\/2020\/01\/Irina_Kuehn_Musical_web_6228_Irina.jpg\" data-rel=\"prettyPhoto[rel-19488-545367334]\"><span class=\"gallery_hover\"><i class=\"fa fa-search\"><\/i><\/span><img class=\"\" src=\"https:\/\/irinakuehn.de\/wp-content\/uploads\/2020\/01\/Irina_Kuehn_Musical_web_6228_Irina-400x267.jpg\" width=\"400\" height=\"267\" alt=\"Musical &quot;HAIRSPRAY&quot;\" title=\"Irina_Kuehn_Musical_web_6228_Irina\" \/><\/a><\/li><li class=\"no_grayscale\"><a itemprop=\"image\" class=\"qode-prettyphoto\" href=\"https:\/\/irinakuehn.de\/wp-content\/uploads\/2020\/01\/Irina_Kuehn_Musical_web_4436_Irina.jpg\" data-rel=\"prettyPhoto[rel-19488-545367334]\"><span class=\"gallery_hover\"><i class=\"fa fa-search\"><\/i><\/span><img class=\"\" src=\"https:\/\/irinakuehn.de\/wp-content\/uploads\/2020\/01\/Irina_Kuehn_Musical_web_4436_Irina-400x267.jpg\" width=\"400\" height=\"267\" alt=\"Musical &quot;HAIRSPRAY&quot;\" title=\"Irina_Kuehn_Musical_web_4436_Irina\" \/><\/a><\/li><li class=\"no_grayscale\"><a itemprop=\"image\" class=\"qode-prettyphoto\" href=\"https:\/\/irinakuehn.de\/wp-content\/uploads\/2020\/01\/Irina_Kuehn_Musical_web_5288_Irina.jpg\" data-rel=\"prettyPhoto[rel-19488-545367334]\"><span class=\"gallery_hover\"><i class=\"fa fa-search\"><\/i><\/span><img class=\"\" src=\"https:\/\/irinakuehn.de\/wp-content\/uploads\/2020\/01\/Irina_Kuehn_Musical_web_5288_Irina-400x267.jpg\" width=\"400\" height=\"267\" alt=\"Musical &quot;HAIRSPRAY&quot;\" title=\"Irina_Kuehn_Musical_web_5288_Irina\" \/><\/a><\/li><li class=\"no_grayscale\"><a itemprop=\"image\" class=\"qode-prettyphoto\" href=\"https:\/\/irinakuehn.de\/wp-content\/uploads\/2020\/01\/Irina_Kuehn_Musical_web_5601_Gefa\u0308ngnis.jpg\" data-rel=\"prettyPhoto[rel-19488-545367334]\"><span class=\"gallery_hover\"><i class=\"fa fa-search\"><\/i><\/span><img class=\"\" src=\"https:\/\/irinakuehn.de\/wp-content\/uploads\/2020\/01\/Irina_Kuehn_Musical_web_5601_Gefa\u0308ngnis-400x267.jpg\" width=\"400\" height=\"267\" alt=\"Musical &quot;HAIRSPRAY&quot;\" title=\"Irina_Kuehn_Musical_web_5601_Gefa\u0308ngnis\" \/><\/a><\/li><li class=\"no_grayscale\"><a itemprop=\"image\" class=\"qode-prettyphoto\" href=\"https:\/\/irinakuehn.de\/wp-content\/uploads\/2020\/01\/Irina_Kuehn_Musical_web_4664_Irina.jpg\" data-rel=\"prettyPhoto[rel-19488-545367334]\"><span class=\"gallery_hover\"><i class=\"fa fa-search\"><\/i><\/span><img class=\"\" src=\"https:\/\/irinakuehn.de\/wp-content\/uploads\/2020\/01\/Irina_Kuehn_Musical_web_4664_Irina-400x267.jpg\" width=\"400\" height=\"267\" alt=\"Musical &quot;HAIRSPRAY&quot;\" title=\"Irina_Kuehn_Musical_web_4664_Irina\" \/><\/a><\/li><li class=\"no_grayscale\"><a itemprop=\"image\" class=\"qode-prettyphoto\" href=\"https:\/\/irinakuehn.de\/wp-content\/uploads\/2020\/01\/Irina_Kuehn_Musical_web_5384_Family.jpg\" data-rel=\"prettyPhoto[rel-19488-545367334]\"><span class=\"gallery_hover\"><i class=\"fa fa-search\"><\/i><\/span><img class=\"\" src=\"https:\/\/irinakuehn.de\/wp-content\/uploads\/2020\/01\/Irina_Kuehn_Musical_web_5384_Family-400x267.jpg\" width=\"400\" height=\"267\" alt=\"Musical &quot;HAIRSPRAY&quot;\" title=\"Irina_Kuehn_Musical_web_5384_Family\" \/><\/a><\/li><li class=\"no_grayscale\"><a itemprop=\"image\" class=\"qode-prettyphoto\" href=\"https:\/\/irinakuehn.de\/wp-content\/uploads\/2020\/01\/Irina_Kuehn_Musical_web_6245.jpg\" data-rel=\"prettyPhoto[rel-19488-545367334]\"><span class=\"gallery_hover\"><i class=\"fa fa-search\"><\/i><\/span><img class=\"\" src=\"https:\/\/irinakuehn.de\/wp-content\/uploads\/2020\/01\/Irina_Kuehn_Musical_web_6245-400x267.jpg\" width=\"400\" height=\"267\" alt=\"Musical &quot;HAIRSPRAY&quot;\" title=\"Irina_Kuehn_Musical_web_6245\" \/><\/a><\/li><\/ul><\/div><\/div><\/div><\/div>\n\t<div class=\"wpb_text_column wpb_content_element\">\n\t\t<div class=\"wpb_wrapper\">\n\t\t\t<p>Fotos by Amazing Sight Photography.<\/p>\n\n\t\t<\/div> \n\t<\/div> <\/div><\/div><\/div><\/div><\/div><\/div>","protected":false},"excerpt":{"rendered":"Seit 2019 ist Irina K\u00fchn auch als Musicaldarstellerin aktiv. Im Sommer 2022 war sie im Musical \"ARTUS: EXCALIBUR\" als Antagonistin Morgana auf der Open Air B\u00fchne des Theater unter den Kuppeln\u00a0 zu sehen. Das semiprofessionelle \"Mehrsparten-Haus\" mit einer Freilicht- und zwei Saalb\u00fchnen pr\u00e4sentiert bereits seit...","protected":false},"author":3,"featured_media":0,"parent":0,"menu_order":1,"comment_status":"open","ping_status":"open","template":"full_width.php","meta":{"_mi_skip_tracking":false},"_links":{"self":[{"href":"https:\/\/irinakuehn.de\/en\/wp-json\/wp\/v2\/pages\/19488"}],"collection":[{"href":"https:\/\/irinakuehn.de\/en\/wp-json\/wp\/v2\/pages"}],"about":[{"href":"https:\/\/irinakuehn.de\/en\/wp-json\/wp\/v2\/types\/page"}],"author":[{"embeddable":true,"href":"https:\/\/irinakuehn.de\/en\/wp-json\/wp\/v2\/users\/3"}],"replies":[{"embeddable":true,"href":"https:\/\/irinakuehn.de\/en\/wp-json\/wp\/v2\/comments?post=19488"}],"version-history":[{"count":24,"href":"https:\/\/irinakuehn.de\/en\/wp-json\/wp\/v2\/pages\/19488\/revisions"}],"predecessor-version":[{"id":20074,"href":"https:\/\/irinakuehn.de\/en\/wp-json\/wp\/v2\/pages\/19488\/revisions\/20074"}],"wp:attachment":[{"href":"https:\/\/irinakuehn.de\/en\/wp-json\/wp\/v2\/media?parent=19488"}],"curies":[{"name":"wp","href":"https:\/\/api.w.org\/{rel}","templated":true}]}}