{"id":19493,"date":"2019-07-22T15:11:59","date_gmt":"2019-07-22T13:11:59","guid":{"rendered":"https:\/\/irinakuehn.de\/?page_id=19493"},"modified":"2022-03-28T14:21:10","modified_gmt":"2022-03-28T12:21:10","slug":"coverband-partyblues","status":"publish","type":"page","link":"https:\/\/irinakuehn.de\/en\/coverband-partyblues\/","title":{"rendered":"PARTYBLUES"},"content":{"rendered":"<div      class=\"vc_row wpb_row section vc_row-fluid  grid_section\" style='background-color:#000000; padding-top:60px; text-align:center;'><div class=\"section_inner clearfix\"><div class='section_inner_margin clearfix'><div class=\"wpb_column vc_column_container vc_col-sm-8\"><div class=\"vc_column-inner\"><div class=\"wpb_wrapper\">\n\t<div class=\"wpb_text_column wpb_content_element\">\n\t\t<div class=\"wpb_wrapper\">\n\t\t\t<p style=\"text-align: left;\"><span style=\"color: #a09d9d;\">Gegr\u00fcndet von Andreas Vockrodt im Sommer 1988 spielten PARTYBLUES seither \u00fcber 500 Konzerte in ganz Deutschland, England, Italien, Frankreich und der Schweiz. Seit 2010 besteht die bis dato vierk\u00f6pfige Coverband in erweiterter Besetzung mit der Stuttgarter S\u00e4ngerin Irina K\u00fchn und spielte bereits beim Festival Flammende Sterne Ostfildern, bei den Hot Summer Nights in Denkendorf und bei zahlreichen \u00f6ffentlichen Events, Hochzeitsfeiern und Firmenveranstaltungen, z.B. f\u00fcr BOSCH, Allianz und Novatec. Als Hochzeits-, Party- und Coverband bietet PARTYBLUES ein vielseitiges Programm aus Pop, Rock, Funk, Schlagern, Partysongs sowie Tanz und Dinnermusik. Von Adele und Bruno Mars \u00fcber Queen und Tina Turner bis hin zu Alice Merton und den Kings of Leon ist f\u00fcr jeden Geschmack etwas dabei.<\/span><\/p>\n<p style=\"text-align: left;\"><span style=\"color: #a09d9d;\">Egal ob Hochzeit, Firmenfeier, Gala, Messe, Stadtfest, Kneipennacht, Rockparty, Festzelt, Geburtstag, Halloween oder Fasching \u2013 PARTYBLUES macht jede Veranstaltung zum unvergesslichen Erlebnis!<\/span><\/p>\n<p style=\"text-align: left;\" data-canvas-width=\"168.39000000000001\"><span style=\"color: #a09d9d;\"><strong><br \/>\n<span style=\"color: #ffffff;\">BESETZUNG:<\/span><\/strong><\/span><\/p>\n<p style=\"text-align: left;\"><span style=\"color: #a09d9d;\">Irina K\u00fchn \u2013 Gesang<\/span><br \/>\n<span style=\"color: #a09d9d;\">Andreas Vockrodt \u2013 Gesang, Gitarre<\/span><br \/>\n<span style=\"color: #a09d9d;\">Markus Bohr \u2013 Gesang, Keyboards<\/span><br \/>\n<span style=\"color: #a09d9d;\">Volkmar Hollich \u2013 Backgroundgesang, Bass<\/span><br \/>\n<span style=\"color: #a09d9d;\">J\u00f6rg Harsch \u2013 Schlagzeug<\/span><\/p>\n\n\t\t<\/div> \n\t<\/div> <div class=\"separator  transparent\" style=\"margin-top: 30px;\"><\/div>\n<\/div><\/div><\/div><div class=\"wpb_column vc_column_container vc_col-sm-4\"><div class=\"vc_column-inner\"><div class=\"wpb_wrapper\">\n\t<div class=\"wpb_text_column wpb_content_element\">\n\t\t<div class=\"wpb_wrapper\">\n\t\t\t<div class=\"info portfolio_custom_field\">\n<p style=\"text-align: left;\"><span style=\"color: #ffffff;\"><strong>WEBSITE<\/strong><\/span><\/p>\n<p style=\"text-align: left;\"><a href=\"http:\/\/www.partyblues.de\" target=\"_blank\" rel=\"noopener noreferrer\">partyblues.de <\/a><\/p>\n<\/div>\n<div class=\"info portfolio_custom_field\" style=\"text-align: left;\">\n<p><span style=\"color: #ffffff;\"><strong>FACEBOOK<\/strong><\/span><\/p>\n<p><a href=\"http:\/\/www.facebook.com\/partyblues\" target=\"_blank\" rel=\"noopener noreferrer\">facebook.com\/partyblues <\/a><\/p>\n<\/div>\n\n\t\t<\/div> \n\t<\/div> <\/div><\/div><\/div><\/div><\/div><\/div><div      class=\"vc_row wpb_row section vc_row-fluid  grid_section\" style='background-color:#000000; padding-top:60px; padding-bottom:60px; text-align:left;'><div class=\"section_inner clearfix\"><div class='section_inner_margin clearfix'><div class=\"wpb_column vc_column_container vc_col-sm-12\"><div class=\"vc_column-inner\"><div class=\"wpb_wrapper\"><div      class=\"vc_row wpb_row section vc_row-fluid vc_inner  grid_section\" style=' text-align:left;'><div class=\"section_inner clearfix\"><div class='section_inner_margin clearfix'><div class=\"wpb_column vc_column_container vc_col-sm-4\"><div class=\"vc_column-inner\"><div class=\"wpb_wrapper\">\n\t<div class=\"wpb_single_image wpb_content_element vc_align_left\">\n\t\t<div class=\"wpb_wrapper\">\n\t\t\t\n\t\t\t<div class=\"vc_single_image-wrapper   vc_box_border_grey\"><img class=\"vc_single_image-img\" src=\"https:\/\/irinakuehn.de\/wp-content\/uploads\/2015\/09\/148743_879716442077235_3547599667914780775_n-350x280.jpg\" width=\"350\" height=\"280\" alt=\"Irina K\u00fchn ist S\u00e4ngerin bei der Coverband PARTYBLUES.\" title=\"PARTYBLUES\" \/><\/div>\n\t\t<\/div>\n\t<\/div>\n<div class=\"separator  transparent\" style=\"margin-top: 20px;\"><\/div>\n<\/div><\/div><\/div><div class=\"wpb_column vc_column_container vc_col-sm-4\"><div class=\"vc_column-inner\"><div class=\"wpb_wrapper\">\n\t<div class=\"wpb_single_image wpb_content_element vc_align_left\">\n\t\t<div class=\"wpb_wrapper\">\n\t\t\t\n\t\t\t<div class=\"vc_single_image-wrapper   vc_box_border_grey\"><img class=\"vc_single_image-img\" src=\"https:\/\/irinakuehn.de\/wp-content\/uploads\/2016\/08\/phoca_thumb_l_CSD2016_3007_Hocketse-Marktplatz-DDT-Sami-252-350x280.jpg\" width=\"350\" height=\"280\" alt=\"Irina K\u00fchn ist S\u00e4ngerin, Songwriterin und Musikerin aus Stuttgart.\" title=\"Irina K\u00fchn live mit PARTYBLUES \/\/ \u00a9 digitaldesignteam.de\" \/><\/div>\n\t\t<\/div>\n\t<\/div>\n<div class=\"separator  transparent\" style=\"margin-top: 20px;\"><\/div>\n<\/div><\/div><\/div><div class=\"wpb_column vc_column_container vc_col-sm-4\"><div class=\"vc_column-inner\"><div class=\"wpb_wrapper\">\n\t<div class=\"wpb_single_image wpb_content_element vc_align_left\">\n\t\t<div class=\"wpb_wrapper\">\n\t\t\t\n\t\t\t<div class=\"vc_single_image-wrapper   vc_box_border_grey\"><img class=\"vc_single_image-img\" src=\"https:\/\/irinakuehn.de\/wp-content\/uploads\/2016\/08\/12688136_1128210473864005_3112291916754160971_n-350x280.jpg\" width=\"350\" height=\"280\" alt=\"Irina K\u00fchn \/\/ \u00a9 Marco Vetter\" title=\"Irina K\u00fchn\" \/><\/div>\n\t\t<\/div>\n\t<\/div>\n<div class=\"separator  transparent\" style=\"margin-top: 20px;\"><\/div>\n<\/div><\/div><\/div><\/div><\/div><\/div><div class=\"separator  transparent\" style=\"height: 40pxpx;\"><\/div>\n<\/div><\/div><\/div><\/div><\/div><\/div>","protected":false},"excerpt":{"rendered":"Gegr\u00fcndet von Andreas Vockrodt im Sommer 1988 spielten PARTYBLUES seither \u00fcber 500 Konzerte in ganz Deutschland, England, Italien, Frankreich und der Schweiz. Seit 2010 besteht die bis dato vierk\u00f6pfige Coverband in erweiterter Besetzung mit der Stuttgarter S\u00e4ngerin Irina K\u00fchn und spielte bereits beim Festival Flammende...","protected":false},"author":3,"featured_media":0,"parent":0,"menu_order":2,"comment_status":"open","ping_status":"open","template":"full_width.php","meta":{"_mi_skip_tracking":false},"_links":{"self":[{"href":"https:\/\/irinakuehn.de\/en\/wp-json\/wp\/v2\/pages\/19493"}],"collection":[{"href":"https:\/\/irinakuehn.de\/en\/wp-json\/wp\/v2\/pages"}],"about":[{"href":"https:\/\/irinakuehn.de\/en\/wp-json\/wp\/v2\/types\/page"}],"author":[{"embeddable":true,"href":"https:\/\/irinakuehn.de\/en\/wp-json\/wp\/v2\/users\/3"}],"replies":[{"embeddable":true,"href":"https:\/\/irinakuehn.de\/en\/wp-json\/wp\/v2\/comments?post=19493"}],"version-history":[{"count":13,"href":"https:\/\/irinakuehn.de\/en\/wp-json\/wp\/v2\/pages\/19493\/revisions"}],"predecessor-version":[{"id":19852,"href":"https:\/\/irinakuehn.de\/en\/wp-json\/wp\/v2\/pages\/19493\/revisions\/19852"}],"wp:attachment":[{"href":"https:\/\/irinakuehn.de\/en\/wp-json\/wp\/v2\/media?parent=19493"}],"curies":[{"name":"wp","href":"https:\/\/api.w.org\/{rel}","templated":true}]}}