{"id":20022,"date":"2022-03-28T13:05:24","date_gmt":"2022-03-28T11:05:24","guid":{"rendered":"https:\/\/irinakuehn.de\/?page_id=20022"},"modified":"2022-03-28T14:21:38","modified_gmt":"2022-03-28T12:21:38","slug":"rockcoverband-friendly-elf","status":"publish","type":"page","link":"https:\/\/irinakuehn.de\/en\/rockcoverband-friendly-elf\/","title":{"rendered":"FRIENDLY ELF"},"content":{"rendered":"<div      class=\"vc_row wpb_row section vc_row-fluid  grid_section\" style='background-color:#000000; padding-top:60px; text-align:center;'><div class=\"section_inner clearfix\"><div class='section_inner_margin clearfix'><div class=\"wpb_column vc_column_container vc_col-sm-8\"><div class=\"vc_column-inner\"><div class=\"wpb_wrapper\">\n\t<div class=\"wpb_text_column wpb_content_element\">\n\t\t<div class=\"wpb_wrapper\">\n\t\t\t<p style=\"text-align: left;\"><span style=\"color: #a09d9d;\"><br \/>\nFRIENDLY ELF \u2013 Hochkar\u00e4tiges Entertainment und Partyspa\u00df pur! Mitrei\u00dfende Rocksongs mit einzigartiger Stimmenvielfalt \u2013 Party Rock vom Feinsten! FRIENDLY ELF begeistern bereits seit vielen Jahren ihre Zuh\u00f6rer mit kraftvollen Pop- und Rock-CoverSongs. Aktuelle Hits, Rock Classics und Legenden aus den 70ern und 80ern: FRIENDLY ELF decken eine gro\u00dfe musikalische Bandbreite ab und verstehen es, jeden Song originalgetreu und doch mit unverkennbar eigener Note zu performen. <\/span><\/p>\n<p style=\"text-align: left;\"><span style=\"color: #a09d9d;\"><br \/>\nDie professionelle Band aus dem Raum Stuttgart Heilbronn besteht aus sechs erfahrenen Musikern, die bereits mit Gr\u00f6\u00dfen wie Eric Burdon, Alannah Myles, Manfred Mann\u2018s Earth Band, Pur, Slade, Steppenwolf, The Tubes, Victory und Asia zusammen auf der B\u00fchne standen. Die packenden Grooves von Ralf Calmbach am Bass und Tino Calmbach sowie Bernd Heining an den Drums, die brillanten Keyboardsounds von Sebastian Meyer und die perfekt aufeinander eingespielten druckvollen Gitarren von Utzi Dietz und Sascha Adams bilden den unverwechselbaren Sound von FRIENDLY ELF. <\/span><\/p>\n<p style=\"text-align: left;\"><span style=\"color: #a09d9d;\"><br \/>\nDazu kommt die geballte Gesangspower von f\u00fcnf charismatischen S\u00e4ngerinnen und S\u00e4ngern, die dem Ganzen noch einen kr\u00e4ftigen Schuss gute Laune hinzuf\u00fcgen. So verspr\u00fchen die Talente Manu Dolpp, Andr\u00e9 Sauber und Irina K\u00fchn sowie Moni Stumberger und Bernd K\u00fchr das Partykonzentrat direkt ins Publikum. \u201eFRIENDLY ELF \u2013 Welcome to the Party!\u201c<\/span><\/p>\n\n\t\t<\/div> \n\t<\/div> <div class=\"separator  transparent\" style=\"margin-top: 30px;\"><\/div>\n<\/div><\/div><\/div><div class=\"wpb_column vc_column_container vc_col-sm-4\"><div class=\"vc_column-inner\"><div class=\"wpb_wrapper\">\n\t<div class=\"wpb_text_column wpb_content_element\">\n\t\t<div class=\"wpb_wrapper\">\n\t\t\t<div class=\"info portfolio_custom_field\">\n<p style=\"text-align: left;\"><span style=\"color: #ffffff;\"><strong>WEBSITE<\/strong><\/span><\/p>\n<p style=\"text-align: left;\"><a href=\"https:\/\/www.friendly-elf.de\/\" target=\"_blank\" rel=\"noopener noreferrer\">friendly-elf.de <\/a><\/p>\n<\/div>\n<div class=\"info portfolio_custom_field\" style=\"text-align: left;\">\n<p><span style=\"color: #ffffff;\"><strong>FACEBOOK<\/strong><\/span><\/p>\n<p><a href=\"https:\/\/www.facebook.com\/friendlyelf\" target=\"_blank\" rel=\"noopener noreferrer\">facebook.com\/friendlyelf <\/a><\/p>\n<\/div>\n<div class=\"info portfolio_custom_field\" style=\"text-align: left;\">\n<p><span style=\"color: #ffffff;\"><strong>INSTAGRAM<\/strong><\/span><\/p>\n<p><a href=\"https:\/\/www.instagram.com\/friendly_elf\/\" target=\"_blank\" rel=\"noopener noreferrer\">instagram.com\/friendly_elf<\/a><\/p>\n<\/div>\n\n\t\t<\/div> \n\t<\/div> <\/div><\/div><\/div><\/div><\/div><\/div><div      class=\"vc_row wpb_row section vc_row-fluid  grid_section\" style='background-color:#000000; padding-top:60px; padding-bottom:60px; text-align:left;'><div class=\"section_inner clearfix\"><div class='section_inner_margin clearfix'><div class=\"wpb_column vc_column_container vc_col-sm-12\"><div class=\"vc_column-inner\"><div class=\"wpb_wrapper\"><div      class=\"vc_row wpb_row section vc_row-fluid vc_inner  grid_section\" style=' text-align:left;'><div class=\"section_inner clearfix\"><div class='section_inner_margin clearfix'><div class=\"wpb_column vc_column_container vc_col-sm-4\"><div class=\"vc_column-inner\"><div class=\"wpb_wrapper\">\n\t<div class=\"wpb_single_image wpb_content_element vc_align_left\">\n\t\t<div class=\"wpb_wrapper\">\n\t\t\t\n\t\t\t<div class=\"vc_single_image-wrapper   vc_box_border_grey\"><img class=\"vc_single_image-img\" src=\"https:\/\/irinakuehn.de\/wp-content\/uploads\/2016\/03\/11659327_1010531852298535_2738153936800739081_n-350x280.jpg\" width=\"350\" height=\"280\" alt=\"Irina K\u00fchn ist S\u00e4ngerin, Songwriterin und Musikerin aus Stuttgart.\" title=\"Irina K\u00fchn bei Coverband Friendly Elf\" \/><\/div>\n\t\t<\/div>\n\t<\/div>\n<div class=\"separator  transparent\" style=\"margin-top: 20px;\"><\/div>\n<\/div><\/div><\/div><div class=\"wpb_column vc_column_container vc_col-sm-4\"><div class=\"vc_column-inner\"><div class=\"wpb_wrapper\">\n\t<div class=\"wpb_single_image wpb_content_element vc_align_left\">\n\t\t<div class=\"wpb_wrapper\">\n\t\t\t\n\t\t\t<div class=\"vc_single_image-wrapper   vc_box_border_grey\"><img class=\"vc_single_image-img\" src=\"https:\/\/irinakuehn.de\/wp-content\/uploads\/2022\/03\/A7304728-350x280.jpg\" width=\"350\" height=\"280\" alt=\"S\u00e4ngerin Irina K\u00fchn live mit der Coverband Friendly Elf\" title=\"A7304728\" \/><\/div>\n\t\t<\/div>\n\t<\/div>\n<div class=\"separator  transparent\" style=\"margin-top: 20px;\"><\/div>\n<\/div><\/div><\/div><div class=\"wpb_column vc_column_container vc_col-sm-4\"><div class=\"vc_column-inner\"><div class=\"wpb_wrapper\">\n\t<div class=\"wpb_single_image wpb_content_element vc_align_left\">\n\t\t<div class=\"wpb_wrapper\">\n\t\t\t\n\t\t\t<div class=\"vc_single_image-wrapper   vc_box_border_grey\"><img class=\"vc_single_image-img\" src=\"https:\/\/irinakuehn.de\/wp-content\/uploads\/2015\/05\/Irina_Walch_1-350x280.jpg\" width=\"350\" height=\"280\" alt=\"Irina K\u00fchn live mit Friendly Elf \/\/ \u00a9 G\u00fcnther Walch\" title=\"Irina K\u00fchn live mit Friendly Elf \/\/ \u00a9 G\u00fcnther Walch\" \/><\/div>\n\t\t<\/div>\n\t<\/div>\n<div class=\"separator  transparent\" style=\"margin-top: 20px;\"><\/div>\n<\/div><\/div><\/div><\/div><\/div><\/div><div class=\"separator  transparent\" style=\"height: 40pxpx;\"><\/div>\n<\/div><\/div><\/div><\/div><\/div><\/div>","protected":false},"excerpt":{"rendered":"FRIENDLY ELF \u2013 Hochkar\u00e4tiges Entertainment und Partyspa\u00df pur! Mitrei\u00dfende Rocksongs mit einzigartiger Stimmenvielfalt \u2013 Party Rock vom Feinsten! FRIENDLY ELF begeistern bereits seit vielen Jahren ihre Zuh\u00f6rer mit kraftvollen Pop- und Rock-CoverSongs. Aktuelle Hits, Rock Classics und Legenden aus den 70ern und 80ern: FRIENDLY ELF...","protected":false},"author":3,"featured_media":0,"parent":0,"menu_order":2,"comment_status":"open","ping_status":"open","template":"full_width.php","meta":{"_mi_skip_tracking":false},"_links":{"self":[{"href":"https:\/\/irinakuehn.de\/en\/wp-json\/wp\/v2\/pages\/20022"}],"collection":[{"href":"https:\/\/irinakuehn.de\/en\/wp-json\/wp\/v2\/pages"}],"about":[{"href":"https:\/\/irinakuehn.de\/en\/wp-json\/wp\/v2\/types\/page"}],"author":[{"embeddable":true,"href":"https:\/\/irinakuehn.de\/en\/wp-json\/wp\/v2\/users\/3"}],"replies":[{"embeddable":true,"href":"https:\/\/irinakuehn.de\/en\/wp-json\/wp\/v2\/comments?post=20022"}],"version-history":[{"count":2,"href":"https:\/\/irinakuehn.de\/en\/wp-json\/wp\/v2\/pages\/20022\/revisions"}],"predecessor-version":[{"id":20025,"href":"https:\/\/irinakuehn.de\/en\/wp-json\/wp\/v2\/pages\/20022\/revisions\/20025"}],"wp:attachment":[{"href":"https:\/\/irinakuehn.de\/en\/wp-json\/wp\/v2\/media?parent=20022"}],"curies":[{"name":"wp","href":"https:\/\/api.w.org\/{rel}","templated":true}]}}